{"id":35259,"date":"2024-07-13T05:21:29","date_gmt":"2024-07-13T05:21:29","guid":{"rendered":"https:\/\/eternalandorra.pro\/uesantacoloma\/?post_type=product&#038;p=35259"},"modified":"2025-08-18T13:07:55","modified_gmt":"2025-08-18T13:07:55","slug":"xandall-ue-santa-coloma","status":"publish","type":"product","link":"https:\/\/eternalandorra.pro\/uesantacoloma\/en\/tienda\/individuals\/xandall-ue-santa-coloma\/","title":{"rendered":"Pantal\u00f3 xandal UE Santa Coloma"},"content":{"rendered":"","protected":false},"excerpt":{"rendered":"<div class=\"woocommerce-product-details__short-description\">\n<p>Xandall per a jugadors\/es de l\u2019<strong>UE Santa Coloma.\u00a0<\/strong>Ha estat confeccionat en 100% poli\u00e8ster interlock reciclat per reduir l\u2019impacte mediambiental. Els pantalons compta amb cintura el\u00e0stica ajustable mitjan\u00e7ant cord\u00f3. Al baix inclou cremallera per posar i treure amb facilitat.<\/p>\n<\/div>","protected":false},"featured_media":35484,"template":"","meta":[],"product_brand":[],"product_cat":[152],"product_tag":[],"class_list":{"0":"post-35259","1":"product","2":"type-product","3":"status-publish","4":"has-post-thumbnail","6":"product_cat-individuals","9":"first","10":"instock","11":"taxable","12":"shipping-taxable","13":"purchasable","14":"product-type-simple"},"_links":{"self":[{"href":"https:\/\/eternalandorra.pro\/uesantacoloma\/en\/wp-json\/wp\/v2\/product\/35259","targetHints":{"allow":["GET"]}}],"collection":[{"href":"https:\/\/eternalandorra.pro\/uesantacoloma\/en\/wp-json\/wp\/v2\/product"}],"about":[{"href":"https:\/\/eternalandorra.pro\/uesantacoloma\/en\/wp-json\/wp\/v2\/types\/product"}],"wp:featuredmedia":[{"embeddable":true,"href":"https:\/\/eternalandorra.pro\/uesantacoloma\/en\/wp-json\/wp\/v2\/media\/35484"}],"wp:attachment":[{"href":"https:\/\/eternalandorra.pro\/uesantacoloma\/en\/wp-json\/wp\/v2\/media?parent=35259"}],"wp:term":[{"taxonomy":"product_brand","embeddable":true,"href":"https:\/\/eternalandorra.pro\/uesantacoloma\/en\/wp-json\/wp\/v2\/product_brand?post=35259"},{"taxonomy":"product_cat","embeddable":true,"href":"https:\/\/eternalandorra.pro\/uesantacoloma\/en\/wp-json\/wp\/v2\/product_cat?post=35259"},{"taxonomy":"product_tag","embeddable":true,"href":"https:\/\/eternalandorra.pro\/uesantacoloma\/en\/wp-json\/wp\/v2\/product_tag?post=35259"}],"curies":[{"name":"wp","href":"https:\/\/api.w.org\/{rel}","templated":true}]}}