{"id":35243,"date":"2024-07-13T04:51:51","date_gmt":"2024-07-13T04:51:51","guid":{"rendered":"https:\/\/eternalandorra.pro\/uesantacoloma\/?post_type=product&#038;p=35243"},"modified":"2025-07-05T16:27:54","modified_gmt":"2025-07-05T16:27:54","slug":"impermeable-ue-santa-coloma","status":"publish","type":"product","link":"https:\/\/eternalandorra.pro\/uesantacoloma\/en\/tienda\/individuals\/impermeable-ue-santa-coloma\/","title":{"rendered":"Impermeable UE Santa Coloma"},"content":{"rendered":"","protected":false},"excerpt":{"rendered":"<div class=\"woocommerce-product-details__short-description\">\n<p>Chubasquer unisex. de l\u2019<strong>UE Santa Coloma.<\/strong><\/p>\n<p>\u00c9s una jaqueta impermeable c\u00f2moda i pr\u00e0ctica per facilitar els despla\u00e7aments i les activitats esportives amb temps fred, pluja o vent. Aconsegueix un m\u00e0xim a\u00efllament contra les filtracions d\u2019aigua sense renunciar a la transpiraci\u00f3 de la suor.<\/p>\n<\/div>\n<form class=\"cart\" action=\"https:\/\/eternalandorra.com\/uesantacoloma\/producto\/impermeable-ue-santa-coloma\/\" enctype=\"multipart\/form-data\" method=\"post\">\n<div class=\"wapf\">\n<div class=\"wapf-wrapper\">\n<div class=\"wapf-field-group\" data-group=\"p_63222\">\n<div class=\"wapf-field-row\">\n<div class=\"wapf-field-container wapf-field-select\"><\/div>\n<\/div>\n<\/div>\n<\/div>\n<\/div>\n<\/form>","protected":false},"featured_media":35500,"template":"","meta":[],"product_brand":[],"product_cat":[152],"product_tag":[],"class_list":{"0":"post-35243","1":"product","2":"type-product","3":"status-publish","4":"has-post-thumbnail","6":"product_cat-individuals","9":"first","10":"instock","11":"taxable","12":"shipping-taxable","13":"purchasable","14":"product-type-simple"},"_links":{"self":[{"href":"https:\/\/eternalandorra.pro\/uesantacoloma\/en\/wp-json\/wp\/v2\/product\/35243","targetHints":{"allow":["GET"]}}],"collection":[{"href":"https:\/\/eternalandorra.pro\/uesantacoloma\/en\/wp-json\/wp\/v2\/product"}],"about":[{"href":"https:\/\/eternalandorra.pro\/uesantacoloma\/en\/wp-json\/wp\/v2\/types\/product"}],"wp:featuredmedia":[{"embeddable":true,"href":"https:\/\/eternalandorra.pro\/uesantacoloma\/en\/wp-json\/wp\/v2\/media\/35500"}],"wp:attachment":[{"href":"https:\/\/eternalandorra.pro\/uesantacoloma\/en\/wp-json\/wp\/v2\/media?parent=35243"}],"wp:term":[{"taxonomy":"product_brand","embeddable":true,"href":"https:\/\/eternalandorra.pro\/uesantacoloma\/en\/wp-json\/wp\/v2\/product_brand?post=35243"},{"taxonomy":"product_cat","embeddable":true,"href":"https:\/\/eternalandorra.pro\/uesantacoloma\/en\/wp-json\/wp\/v2\/product_cat?post=35243"},{"taxonomy":"product_tag","embeddable":true,"href":"https:\/\/eternalandorra.pro\/uesantacoloma\/en\/wp-json\/wp\/v2\/product_tag?post=35243"}],"curies":[{"name":"wp","href":"https:\/\/api.w.org\/{rel}","templated":true}]}}