{"id":35339,"date":"2024-07-14T11:48:36","date_gmt":"2024-07-14T11:48:36","guid":{"rendered":"https:\/\/eternalandorra.pro\/fcsantacoloma\/?page_id=35339"},"modified":"2025-01-01T15:05:18","modified_gmt":"2025-01-01T15:05:18","slug":"products","status":"publish","type":"page","link":"https:\/\/eternalandorra.pro\/tecnifut\/en\/products\/","title":{"rendered":"Products"},"content":{"rendered":"<div data-elementor-type=\"wp-page\" data-elementor-id=\"35339\" class=\"elementor elementor-35339\" data-elementor-post-type=\"page\">\n\t\t\t\t<div class=\"elementor-element elementor-element-6231a66 e-flex e-con-boxed e-con e-parent\" data-id=\"6231a66\" data-element_type=\"container\">\n\t\t\t\t\t<div class=\"e-con-inner\">\n\t\t<div class=\"elementor-element elementor-element-7d8668a e-con-full e-flex e-con e-child\" data-id=\"7d8668a\" data-element_type=\"container\">\n\t\t\t\t<div class=\"elementor-element elementor-element-efb766f elementor-widget elementor-widget-heading\" data-id=\"efb766f\" data-element_type=\"widget\" data-widget_type=\"heading.default\">\n\t\t\t\t<div class=\"elementor-widget-container\">\n\t\t\t\t\t<h2 class=\"elementor-heading-title elementor-size-default\">PRODUCTES INDIVIDUALS<\/h2>\t\t\t\t<\/div>\n\t\t\t\t<\/div>\n\t\t\t\t<div class=\"elementor-element elementor-element-98ab121 elementor-widget elementor-widget-heading\" data-id=\"98ab121\" data-element_type=\"widget\" data-widget_type=\"heading.default\">\n\t\t\t\t<div class=\"elementor-widget-container\">\n\t\t\t\t\t<h2 class=\"elementor-heading-title elementor-size-default\">Totes les peces disponibles<\/h2>\t\t\t\t<\/div>\n\t\t\t\t<\/div>\n\t\t\t\t<div class=\"elementor-element elementor-element-099832f elementor-widget-divider--view-line elementor-widget elementor-widget-divider\" data-id=\"099832f\" data-element_type=\"widget\" data-widget_type=\"divider.default\">\n\t\t\t\t<div class=\"elementor-widget-container\">\n\t\t\t\t\t\t\t<div class=\"elementor-divider\">\n\t\t\t<span class=\"elementor-divider-separator\">\n\t\t\t\t\t\t<\/span>\n\t\t<\/div>\n\t\t\t\t\t\t<\/div>\n\t\t\t\t<\/div>\n\t\t\t\t<\/div>\n\t\t\t\t<div class=\"elementor-element elementor-element-2e9cf27 elementor-widget elementor-widget-bwp_product_list\" data-id=\"2e9cf27\" data-element_type=\"widget\" data-widget_type=\"bwp_product_list.default\">\n\t\t\t\t<div class=\"elementor-widget-container\">\n\t\t\t\t\t\r\n\t<div id=\"bwp_default_20721995811776512544\" class=\"bwp_product_list default\">\r\n\t\t\t\t<div class=\"content products-list grid row\">\t\r\n\t\t\t\t\t<div class=\"item-product col-xl-3 col-lg-3 col-md-12 col-12\">\r\n\t\t\t\t\t\t\t\t\t<div class=\"products-entry content-product1 clearfix product-wapper\">\n\t<div class=\"products-thumb\">\n\t\t\t<div class='product-lable'>\n\t\t\t\t\t\t\t\t\n\t\t\t<\/div>\n<a href=\"https:\/\/eternalandorra.pro\/tecnifut\/en\/tienda\/individuals\/mitjons-blancs-tecni-fut\/\" class=\"woocommerce-LoopProduct-link\"><img fetchpriority=\"high\" decoding=\"async\" width=\"400\" height=\"400\" src=\"https:\/\/eternalandorra.pro\/tecnifut\/wp-content\/uploads\/2024\/10\/mitjons-blancs-pack-2024-Tecni-Fut-ETERNAL-400x400.jpg\" class=\"fade-in lazyload wp-post-image\" alt=\"\" loading=\"eager\" \/><\/a>\t\t<div class='product-button'>\n\t\t\t<div data-title=\"A\u00f1adir al carrito\"><a rel=\"nofollow\"  href=\"https:\/\/eternalandorra.pro\/tecnifut\/en\/tienda\/individuals\/mitjons-blancs-tecni-fut\/\" data-quantity=\"1\" data-product_id=\"35384\" data-product_sku=\"\" class=\"button product_type_simple add_to_cart_button\">A\u00f1adir al carrito<\/a><\/div>\t\t<\/div>\n\t\t\t<\/div>\n\t<div class=\"products-content\">\n\t\t<div class=\"contents\">\n\t\t\t\t\t\t<div class=\"rating none\">\n\t\t\t<div class=\"star-rating none\"><\/div>\n\t\t\t<div class=\"review-count\">\n\t\t\t\t(0 review)\n\t\t\t<\/div>\n\t\t<\/div>\n\t\t\t\t<h3 class=\"product-title\"><a href=\"https:\/\/eternalandorra.pro\/tecnifut\/en\/tienda\/individuals\/mitjons-blancs-tecni-fut\/\">Mitjons Blancs Tecni Fut<\/a><\/h3>\n\t\t\t\n\t<span class=\"price\"><span class=\"woocommerce-Price-amount amount\"><bdi>3.50<span class=\"woocommerce-Price-currencySymbol\">&euro;<\/span><\/bdi><\/span><\/span>\n\t\t<\/div>\n\t<\/div>\n<\/div>\t\t\t\t\t\t\t<\/div>\r\n\t\t\t\t\t<div class=\"item-product col-xl-3 col-lg-3 col-md-12 col-12\">\r\n\t\t\t\t\t\t\t\t\t<div class=\"products-entry content-product1 clearfix product-wapper\">\n\t<div class=\"products-thumb\">\n\t\t\t<div class='product-lable'>\n\t\t\t\t\t\t\t\t\n\t\t\t<\/div>\n<a href=\"https:\/\/eternalandorra.pro\/tecnifut\/en\/tienda\/individuals\/mitjons-negres-tecni-fut\/\" class=\"woocommerce-LoopProduct-link\"><img decoding=\"async\" width=\"400\" height=\"400\" src=\"https:\/\/eternalandorra.pro\/tecnifut\/wp-content\/uploads\/2024\/10\/mitjons-negres-pack-2024-Tecni-Fut-ETERNAL-400x400.jpg\" class=\"fade-in lazyload wp-post-image\" alt=\"\" loading=\"eager\" \/><\/a>\t\t<div class='product-button'>\n\t\t\t<div data-title=\"A\u00f1adir al carrito\"><a rel=\"nofollow\"  href=\"https:\/\/eternalandorra.pro\/tecnifut\/en\/tienda\/individuals\/mitjons-negres-tecni-fut\/\" data-quantity=\"1\" data-product_id=\"35385\" data-product_sku=\"\" class=\"button product_type_simple add_to_cart_button\">A\u00f1adir al carrito<\/a><\/div>\t\t<\/div>\n\t\t\t<\/div>\n\t<div class=\"products-content\">\n\t\t<div class=\"contents\">\n\t\t\t\t\t\t<div class=\"rating none\">\n\t\t\t<div class=\"star-rating none\"><\/div>\n\t\t\t<div class=\"review-count\">\n\t\t\t\t(0 review)\n\t\t\t<\/div>\n\t\t<\/div>\n\t\t\t\t<h3 class=\"product-title\"><a href=\"https:\/\/eternalandorra.pro\/tecnifut\/en\/tienda\/individuals\/mitjons-negres-tecni-fut\/\">Mitjons Negres Tecni Fut<\/a><\/h3>\n\t\t\t\n\t<span class=\"price\"><span class=\"woocommerce-Price-amount amount\"><bdi>3.50<span class=\"woocommerce-Price-currencySymbol\">&euro;<\/span><\/bdi><\/span><\/span>\n\t\t<\/div>\n\t<\/div>\n<\/div>\t\t\t\t\t\t\t<\/div>\r\n\t\t\t\t\t<div class=\"item-product col-xl-3 col-lg-3 col-md-12 col-12\">\r\n\t\t\t\t\t\t\t\t\t<div class=\"products-entry content-product1 clearfix product-wapper\">\n\t<div class=\"products-thumb\">\n\t\t\t<div class='product-lable'>\n\t\t\t\t\t\t\t\t\n\t\t\t<\/div>\n<a href=\"https:\/\/eternalandorra.pro\/tecnifut\/en\/tienda\/individuals\/tovallola-tecni-fut\/\" class=\"woocommerce-LoopProduct-link\"><img decoding=\"async\" width=\"400\" height=\"400\" src=\"https:\/\/eternalandorra.pro\/tecnifut\/wp-content\/uploads\/2024\/10\/tovallola-Tecni-Fut-ETERNAL-400x400.jpg\" class=\"fade-in lazyload wp-post-image\" alt=\"\" loading=\"eager\" \/><\/a>\t\t<div class='product-button'>\n\t\t\t<div data-title=\"A\u00f1adir al carrito\"><a rel=\"nofollow\"  href=\"https:\/\/eternalandorra.pro\/tecnifut\/en\/tienda\/individuals\/tovallola-tecni-fut\/\" data-quantity=\"1\" data-product_id=\"35387\" data-product_sku=\"\" class=\"button product_type_simple add_to_cart_button\">A\u00f1adir al carrito<\/a><\/div>\t\t<\/div>\n\t\t\t<\/div>\n\t<div class=\"products-content\">\n\t\t<div class=\"contents\">\n\t\t\t\t\t\t<div class=\"rating none\">\n\t\t\t<div class=\"star-rating none\"><\/div>\n\t\t\t<div class=\"review-count\">\n\t\t\t\t(0 review)\n\t\t\t<\/div>\n\t\t<\/div>\n\t\t\t\t<h3 class=\"product-title\"><a href=\"https:\/\/eternalandorra.pro\/tecnifut\/en\/tienda\/individuals\/tovallola-tecni-fut\/\">Tovallola Tecni Fut<\/a><\/h3>\n\t\t\t\n\t<span class=\"price\"><span class=\"woocommerce-Price-amount amount\"><bdi>15.00<span class=\"woocommerce-Price-currencySymbol\">&euro;<\/span><\/bdi><\/span><\/span>\n\t\t<\/div>\n\t<\/div>\n<\/div>\t\t\t\t\t\t\t<\/div>\r\n\t\t\t\t\t<div class=\"item-product col-xl-3 col-lg-3 col-md-12 col-12\">\r\n\t\t\t\t\t\t\t\t\t<div class=\"products-entry content-product1 clearfix product-wapper\">\n\t<div class=\"products-thumb\">\n\t\t\t<div class='product-lable'>\n\t\t\t\t\t\t\t\t\n\t\t\t<\/div>\n<a href=\"https:\/\/eternalandorra.pro\/tecnifut\/en\/tienda\/individuals\/motxilla-trolley-tecni-fut\/\" class=\"woocommerce-LoopProduct-link\"><img decoding=\"async\" width=\"400\" height=\"400\" src=\"https:\/\/eternalandorra.pro\/tecnifut\/wp-content\/uploads\/2024\/10\/bossa-trolley-Tecni-Fut-ETERNAL-400x400.jpg\" class=\"fade-in lazyload wp-post-image\" alt=\"\" loading=\"eager\" \/><\/a>\t\t<div class='product-button'>\n\t\t\t<div data-title=\"Add to cart\" data-no-translation-data-title=\"\"><a rel=\"nofollow\"  href=\"\/tecnifut\/en\/wp-json\/wp\/v2\/pages\/35339?add-to-cart=35463\" data-quantity=\"1\" data-product_id=\"35463\" data-product_sku=\"\" class=\"button product_type_simple add_to_cart_button ajax_add_to_cart\" data-no-translation=\"\" data-trp-gettext=\"\">Add to cart<\/a><\/div>\t\t<\/div>\n\t\t\t<\/div>\n\t<div class=\"products-content\">\n\t\t<div class=\"contents\">\n\t\t\t\t\t\t<div class=\"rating none\">\n\t\t\t<div class=\"star-rating none\"><\/div>\n\t\t\t<div class=\"review-count\">\n\t\t\t\t(0 review)\n\t\t\t<\/div>\n\t\t<\/div>\n\t\t\t\t<h3 class=\"product-title\"><a href=\"https:\/\/eternalandorra.pro\/tecnifut\/en\/tienda\/individuals\/motxilla-trolley-tecni-fut\/\">Motxilla Trolley Tecni Fut<\/a><\/h3>\n\t\t\t\n\t<span class=\"price\"><span class=\"woocommerce-Price-amount amount\"><bdi>55.00<span class=\"woocommerce-Price-currencySymbol\">&euro;<\/span><\/bdi><\/span><\/span>\n\t\t<\/div>\n\t<\/div>\n<\/div>\t\t\t\t\t\t\t<\/div>\r\n\t\t\t\t\t<div class=\"item-product col-xl-3 col-lg-3 col-md-12 col-12\">\r\n\t\t\t\t\t\t\t\t\t<div class=\"products-entry content-product1 clearfix product-wapper\">\n\t<div class=\"products-thumb\">\n\t\t\t<div class='product-lable'>\n\t\t\t\t\t\t\t\t\n\t\t\t<\/div>\n<a href=\"https:\/\/eternalandorra.pro\/tecnifut\/en\/tienda\/individuals\/bufanda-tecni-fut\/\" class=\"woocommerce-LoopProduct-link\"><img decoding=\"async\" width=\"400\" height=\"400\" src=\"https:\/\/eternalandorra.pro\/tecnifut\/wp-content\/uploads\/2024\/10\/bufanda-2024-Tecni-Fut-ETERNAL-400x400.jpg\" class=\"fade-in lazyload wp-post-image\" alt=\"\" loading=\"eager\" \/><\/a>\t\t<div class='product-button'>\n\t\t\t<div data-title=\"A\u00f1adir al carrito\"><a rel=\"nofollow\"  href=\"https:\/\/eternalandorra.pro\/tecnifut\/en\/tienda\/individuals\/bufanda-tecni-fut\/\" data-quantity=\"1\" data-product_id=\"35464\" data-product_sku=\"\" class=\"button product_type_simple add_to_cart_button\">A\u00f1adir al carrito<\/a><\/div>\t\t<\/div>\n\t\t\t<\/div>\n\t<div class=\"products-content\">\n\t\t<div class=\"contents\">\n\t\t\t\t\t\t<div class=\"rating none\">\n\t\t\t<div class=\"star-rating none\"><\/div>\n\t\t\t<div class=\"review-count\">\n\t\t\t\t(0 review)\n\t\t\t<\/div>\n\t\t<\/div>\n\t\t\t\t<h3 class=\"product-title\"><a href=\"https:\/\/eternalandorra.pro\/tecnifut\/en\/tienda\/individuals\/bufanda-tecni-fut\/\">Bufanda Tecni Fut<\/a><\/h3>\n\t\t\t\n\t<span class=\"price\"><span class=\"woocommerce-Price-amount amount\"><bdi>13.00<span class=\"woocommerce-Price-currencySymbol\">&euro;<\/span><\/bdi><\/span><\/span>\n\t\t<\/div>\n\t<\/div>\n<\/div>\t\t\t\t\t\t\t<\/div>\r\n\t\t\t\t\t\t<\/div>\t\t\r\n\t<\/div>\r\n\t\t\t\t\t<\/div>\n\t\t\t\t<\/div>\n\t\t\t\t\t<\/div>\n\t\t\t\t<\/div>\n\t\t\t\t<\/div>","protected":false},"excerpt":{"rendered":"<p>PRODUCTES INDIVIDUALS Totes les peces disponibles A\u00f1adir al carrito (0 review) Guants Porter Hunter FC Santa Coloma 30.00&euro; A\u00f1adir al carrito (0 review) Guants FC Santa Coloma 12.00&euro; A\u00f1adir al carrito (0 review) Samarreta T\u00e8rmica FC Santa Coloma 22.00&euro; Add to cart (0 review) Barret FC Santa Coloma 12.00&euro; Add to cart (0 review) Bufanda [&hellip;]<\/p>","protected":false},"author":1,"featured_media":0,"parent":0,"menu_order":0,"comment_status":"closed","ping_status":"closed","template":"elementor_header_footer","meta":{"footnotes":""},"class_list":["post-35339","page","type-page","status-publish","hentry","has-post-thumbnail"],"_links":{"self":[{"href":"https:\/\/eternalandorra.pro\/tecnifut\/en\/wp-json\/wp\/v2\/pages\/35339","targetHints":{"allow":["GET"]}}],"collection":[{"href":"https:\/\/eternalandorra.pro\/tecnifut\/en\/wp-json\/wp\/v2\/pages"}],"about":[{"href":"https:\/\/eternalandorra.pro\/tecnifut\/en\/wp-json\/wp\/v2\/types\/page"}],"author":[{"embeddable":true,"href":"https:\/\/eternalandorra.pro\/tecnifut\/en\/wp-json\/wp\/v2\/users\/1"}],"replies":[{"embeddable":true,"href":"https:\/\/eternalandorra.pro\/tecnifut\/en\/wp-json\/wp\/v2\/comments?post=35339"}],"version-history":[{"count":6,"href":"https:\/\/eternalandorra.pro\/tecnifut\/en\/wp-json\/wp\/v2\/pages\/35339\/revisions"}],"predecessor-version":[{"id":35537,"href":"https:\/\/eternalandorra.pro\/tecnifut\/en\/wp-json\/wp\/v2\/pages\/35339\/revisions\/35537"}],"wp:attachment":[{"href":"https:\/\/eternalandorra.pro\/tecnifut\/en\/wp-json\/wp\/v2\/media?parent=35339"}],"curies":[{"name":"wp","href":"https:\/\/api.w.org\/{rel}","templated":true}]}}