{"id":35310,"date":"2024-07-14T11:04:41","date_gmt":"2024-07-14T11:04:41","guid":{"rendered":"https:\/\/eternalandorra.pro\/fcsantacoloma\/?post_type=product&#038;p=35310"},"modified":"2025-06-03T10:47:57","modified_gmt":"2025-06-03T10:47:57","slug":"samarreta-termica-porter-pirineus-united","status":"publish","type":"product","link":"https:\/\/eternalandorra.pro\/pirineusunited\/tienda\/individuals\/samarreta-termica-porter-pirineus-united\/","title":{"rendered":"Samarreta T\u00e9rmica Porter Pirineus United"},"content":{"rendered":"","protected":false},"excerpt":{"rendered":"<div class=\"woocommerce-product-details__short-description\">\n<div class=\"woocommerce-product-details__short-description\">\n<p>Samarreta t\u00e8rmica de m\u00e0niga llarga, dissenyada per a esportistes que busquen calidesa durant la pr\u00e0ctica d\u2019esport. A m\u00e9s, de proporcionar calidesa, aquesta samarreta \u00e9s altament transpirable i permeten l\u2019evacuaci\u00f3 de la suor a les zones on s\u2019acumula m\u00e9s. Aix\u00f2 \u00e9s possible gr\u00e0cies a l\u2019acabat amb jacquard.<\/p>\n<\/div>\n<\/div>\n","protected":false},"featured_media":35639,"template":"","meta":[],"product_brand":[],"product_cat":[152],"product_tag":[],"class_list":{"0":"post-35310","1":"product","2":"type-product","3":"status-publish","4":"has-post-thumbnail","6":"product_cat-individuals","9":"first","10":"instock","11":"taxable","12":"shipping-taxable","13":"purchasable","14":"product-type-simple"},"_links":{"self":[{"href":"https:\/\/eternalandorra.pro\/pirineusunited\/wp-json\/wp\/v2\/product\/35310","targetHints":{"allow":["GET"]}}],"collection":[{"href":"https:\/\/eternalandorra.pro\/pirineusunited\/wp-json\/wp\/v2\/product"}],"about":[{"href":"https:\/\/eternalandorra.pro\/pirineusunited\/wp-json\/wp\/v2\/types\/product"}],"wp:featuredmedia":[{"embeddable":true,"href":"https:\/\/eternalandorra.pro\/pirineusunited\/wp-json\/wp\/v2\/media\/35639"}],"wp:attachment":[{"href":"https:\/\/eternalandorra.pro\/pirineusunited\/wp-json\/wp\/v2\/media?parent=35310"}],"wp:term":[{"taxonomy":"product_brand","embeddable":true,"href":"https:\/\/eternalandorra.pro\/pirineusunited\/wp-json\/wp\/v2\/product_brand?post=35310"},{"taxonomy":"product_cat","embeddable":true,"href":"https:\/\/eternalandorra.pro\/pirineusunited\/wp-json\/wp\/v2\/product_cat?post=35310"},{"taxonomy":"product_tag","embeddable":true,"href":"https:\/\/eternalandorra.pro\/pirineusunited\/wp-json\/wp\/v2\/product_tag?post=35310"}],"curies":[{"name":"wp","href":"https:\/\/api.w.org\/{rel}","templated":true}]}}