{"id":35652,"date":"2025-06-03T09:01:57","date_gmt":"2025-06-03T09:01:57","guid":{"rendered":"https:\/\/eternalandorra.pro\/pirineusunited\/?post_type=product&#038;p=35652"},"modified":"2025-07-23T21:08:12","modified_gmt":"2025-07-23T21:08:12","slug":"samarreta-rosa-pirineus-united","status":"publish","type":"product","link":"https:\/\/eternalandorra.pro\/pirineusunited\/en\/tienda\/individuals\/samarreta-rosa-pirineus-united\/","title":{"rendered":"Samarreta Rosa Pirineus United"},"content":{"rendered":"","protected":false},"excerpt":{"rendered":"<div class=\"woocommerce-product-details__short-description\">\n<p>Samarreta de m\u00e0niga curta d\u2019home\/nen, dissenyada per a la pr\u00e0ctica esportiva i bona per a entrenaments i competicions en esports com el futbol. A causa de la seva resist\u00e8ncia, lleugeresa i transpirabilitat, aquesta samarreta \u00e9s tota comoditat per a l\u2019esportista. A m\u00e9s, la seva silueta folgada permetr\u00e0 jugar gaudint de confort.<\/p>\n<p>Es caracteritza per tenir coll rod\u00f3 el\u00e0stic per aconseguir un ajustament m\u00e9s c\u00f2mode. A m\u00e9s, aquesta samarreta esportiva permetr\u00e0 que l\u2019esportista es pugui moure amb total llibertat.<\/p>\n<\/div>","protected":false},"featured_media":35675,"template":"","meta":[],"product_brand":[],"product_cat":[152],"product_tag":[],"class_list":{"0":"post-35652","1":"product","2":"type-product","3":"status-publish","4":"has-post-thumbnail","6":"product_cat-individuals","9":"first","10":"instock","11":"taxable","12":"shipping-taxable","13":"purchasable","14":"product-type-simple"},"_links":{"self":[{"href":"https:\/\/eternalandorra.pro\/pirineusunited\/en\/wp-json\/wp\/v2\/product\/35652","targetHints":{"allow":["GET"]}}],"collection":[{"href":"https:\/\/eternalandorra.pro\/pirineusunited\/en\/wp-json\/wp\/v2\/product"}],"about":[{"href":"https:\/\/eternalandorra.pro\/pirineusunited\/en\/wp-json\/wp\/v2\/types\/product"}],"wp:featuredmedia":[{"embeddable":true,"href":"https:\/\/eternalandorra.pro\/pirineusunited\/en\/wp-json\/wp\/v2\/media\/35675"}],"wp:attachment":[{"href":"https:\/\/eternalandorra.pro\/pirineusunited\/en\/wp-json\/wp\/v2\/media?parent=35652"}],"wp:term":[{"taxonomy":"product_brand","embeddable":true,"href":"https:\/\/eternalandorra.pro\/pirineusunited\/en\/wp-json\/wp\/v2\/product_brand?post=35652"},{"taxonomy":"product_cat","embeddable":true,"href":"https:\/\/eternalandorra.pro\/pirineusunited\/en\/wp-json\/wp\/v2\/product_cat?post=35652"},{"taxonomy":"product_tag","embeddable":true,"href":"https:\/\/eternalandorra.pro\/pirineusunited\/en\/wp-json\/wp\/v2\/product_tag?post=35652"}],"curies":[{"name":"wp","href":"https:\/\/api.w.org\/{rel}","templated":true}]}}