{"id":35324,"date":"2024-07-14T11:37:05","date_gmt":"2024-07-14T11:37:05","guid":{"rendered":"https:\/\/eternalandorra.pro\/fcsantacoloma\/?post_type=product&#038;p=35324"},"modified":"2025-06-03T10:43:49","modified_gmt":"2025-06-03T10:43:49","slug":"impermeable-pirineus-united","status":"publish","type":"product","link":"https:\/\/eternalandorra.pro\/pirineusunited\/en\/tienda\/individuals\/impermeable-pirineus-united\/","title":{"rendered":"Impermeable Pirineus United"},"content":{"rendered":"","protected":false},"excerpt":{"rendered":"<div class=\"woocommerce-product-details__short-description\">\n<div class=\"woocommerce-product-details__short-description\">\n<p>Model per a totes les edats. \u00c9s una jaqueta impermeable c\u00f2moda i pr\u00e0ctica per facilitar els despla\u00e7aments i les activitats esportives amb temps fred, pluja o vent. Aconsegueix un m\u00e0xim a\u00efllament contra les filtracions d\u2019aigua sense renunciar a la transpiraci\u00f3 de la suor.<\/p>\n<p>Inclou tancament amb cremallera completa i tirador bloquejable, que impedeix que la cremallera s\u2019obri i, per tant, entre l\u2019aigua. La caputxa autoguardable es pot amagar a la butxaca del coll tancat amb cremallera. Aquesta caputxa \u00e9s ajustable mitjan\u00e7ant cordons, aix\u00ed la protecci\u00f3 contra el vent, el fred i la pluja ser\u00e0 \u00f2ptima i m\u00e9s c\u00f2moda. Tamb\u00e9 compta amb butxaques per guardar de manera segura petits objectes, puny ajustable amb el\u00e0stic per a un millor ajustament i aix\u00ed evitar l\u2019entrada d\u2019aigua o fred.<\/p>\n<p>Est\u00e0 confeccionat amb teixit lleuger i resistent al\u02bbaigua. A les zones de major sudoraci\u00f3 incorpora la tecnologia Micro-Mesh per millorar la transpiraci\u00f3 i augmentar la ventilaci\u00f3, ajudant a mantenir la temperatura corporal i evitant les males olors.<\/p>\n<\/div>\n<form class=\"cart\" action=\"https:\/\/eternalandorra.com\/pirineusunited\/producto\/impermeable-pirineus-united\/\" enctype=\"multipart\/form-data\" method=\"post\">\n<div class=\"wapf\">\n<div class=\"wapf-wrapper\">\n<div class=\"wapf-field-group\" data-group=\"p_2323\">\n<div class=\"wapf-field-row\">\n<div class=\"wapf-field-container wapf-field-select\"><\/div>\n<\/div>\n<\/div>\n<\/div>\n<\/div>\n<\/form>\n<\/div>","protected":false},"featured_media":35629,"template":"","meta":[],"product_brand":[],"product_cat":[152],"product_tag":[],"class_list":{"0":"post-35324","1":"product","2":"type-product","3":"status-publish","4":"has-post-thumbnail","6":"product_cat-individuals","9":"first","10":"instock","11":"taxable","12":"shipping-taxable","13":"purchasable","14":"product-type-simple"},"_links":{"self":[{"href":"https:\/\/eternalandorra.pro\/pirineusunited\/en\/wp-json\/wp\/v2\/product\/35324","targetHints":{"allow":["GET"]}}],"collection":[{"href":"https:\/\/eternalandorra.pro\/pirineusunited\/en\/wp-json\/wp\/v2\/product"}],"about":[{"href":"https:\/\/eternalandorra.pro\/pirineusunited\/en\/wp-json\/wp\/v2\/types\/product"}],"wp:featuredmedia":[{"embeddable":true,"href":"https:\/\/eternalandorra.pro\/pirineusunited\/en\/wp-json\/wp\/v2\/media\/35629"}],"wp:attachment":[{"href":"https:\/\/eternalandorra.pro\/pirineusunited\/en\/wp-json\/wp\/v2\/media?parent=35324"}],"wp:term":[{"taxonomy":"product_brand","embeddable":true,"href":"https:\/\/eternalandorra.pro\/pirineusunited\/en\/wp-json\/wp\/v2\/product_brand?post=35324"},{"taxonomy":"product_cat","embeddable":true,"href":"https:\/\/eternalandorra.pro\/pirineusunited\/en\/wp-json\/wp\/v2\/product_cat?post=35324"},{"taxonomy":"product_tag","embeddable":true,"href":"https:\/\/eternalandorra.pro\/pirineusunited\/en\/wp-json\/wp\/v2\/product_tag?post=35324"}],"curies":[{"name":"wp","href":"https:\/\/api.w.org\/{rel}","templated":true}]}}