{"id":35320,"date":"2024-07-14T11:31:02","date_gmt":"2024-07-14T11:31:02","guid":{"rendered":"https:\/\/eternalandorra.pro\/fcsantacoloma\/?post_type=product&#038;p=35320"},"modified":"2025-06-03T10:45:23","modified_gmt":"2025-06-03T10:45:23","slug":"malla-termica-porter-pirineus-united","status":"publish","type":"product","link":"https:\/\/eternalandorra.pro\/pirineusunited\/en\/tienda\/individuals\/malla-termica-porter-pirineus-united\/","title":{"rendered":"Malla T\u00e9rmica Porter Pirineus United"},"content":{"rendered":"","protected":false},"excerpt":{"rendered":"<div class=\"woocommerce-product-details__short-description\">\n<p>Pantalons llargs resistent a la suor, lleugera, suau i flexible. Es caracteritza per atorgar una gran llibertat de moviments, aix\u00ed com subjecci\u00f3 i confort. Proporciona una perfecta protecci\u00f3 i comoditat gr\u00e0cies a les seves caracter\u00edstiques d\u2019impermeabilitat i transpirabilitat i cintra totes les condicions meteorol\u00f2giques.<\/p>\n<\/div>","protected":false},"featured_media":35641,"template":"","meta":[],"product_brand":[],"product_cat":[152],"product_tag":[],"class_list":{"0":"post-35320","1":"product","2":"type-product","3":"status-publish","4":"has-post-thumbnail","6":"product_cat-individuals","9":"first","10":"instock","11":"taxable","12":"shipping-taxable","13":"purchasable","14":"product-type-simple"},"_links":{"self":[{"href":"https:\/\/eternalandorra.pro\/pirineusunited\/en\/wp-json\/wp\/v2\/product\/35320","targetHints":{"allow":["GET"]}}],"collection":[{"href":"https:\/\/eternalandorra.pro\/pirineusunited\/en\/wp-json\/wp\/v2\/product"}],"about":[{"href":"https:\/\/eternalandorra.pro\/pirineusunited\/en\/wp-json\/wp\/v2\/types\/product"}],"wp:featuredmedia":[{"embeddable":true,"href":"https:\/\/eternalandorra.pro\/pirineusunited\/en\/wp-json\/wp\/v2\/media\/35641"}],"wp:attachment":[{"href":"https:\/\/eternalandorra.pro\/pirineusunited\/en\/wp-json\/wp\/v2\/media?parent=35320"}],"wp:term":[{"taxonomy":"product_brand","embeddable":true,"href":"https:\/\/eternalandorra.pro\/pirineusunited\/en\/wp-json\/wp\/v2\/product_brand?post=35320"},{"taxonomy":"product_cat","embeddable":true,"href":"https:\/\/eternalandorra.pro\/pirineusunited\/en\/wp-json\/wp\/v2\/product_cat?post=35320"},{"taxonomy":"product_tag","embeddable":true,"href":"https:\/\/eternalandorra.pro\/pirineusunited\/en\/wp-json\/wp\/v2\/product_tag?post=35320"}],"curies":[{"name":"wp","href":"https:\/\/api.w.org\/{rel}","templated":true}]}}