{"id":35316,"date":"2024-07-14T11:21:43","date_gmt":"2024-07-14T11:21:43","guid":{"rendered":"https:\/\/eternalandorra.pro\/fcsantacoloma\/?post_type=product&#038;p=35316"},"modified":"2025-06-02T21:38:12","modified_gmt":"2025-06-02T21:38:12","slug":"motxilla-pirineus-united","status":"publish","type":"product","link":"https:\/\/eternalandorra.pro\/pirineusunited\/en\/tienda\/individuals\/motxilla-pirineus-united\/","title":{"rendered":"Motxilla Pirineus United"},"content":{"rendered":"","protected":false},"excerpt":{"rendered":"<div class=\"woocommerce-product-details__short-description\">\n<p>Motxilla indicada per a entrenaments esportius o partits. T\u2019oferir\u00e0 prou espai per guardar i organitzar tots els teus b\u00e0sics d\u2019entrenament. Amb aquesta motxilla esportiva podr\u00e0s transportar la teva equipaci\u00f3 de casa al camp i del camp a casa de manera c\u00f2moda. \u00c0mplia capacitat de 23,8 L.<\/p>\n<\/div>","protected":false},"featured_media":35633,"template":"","meta":[],"product_brand":[],"product_cat":[152],"product_tag":[],"class_list":{"0":"post-35316","1":"product","2":"type-product","3":"status-publish","4":"has-post-thumbnail","6":"product_cat-individuals","9":"first","10":"instock","11":"taxable","12":"shipping-taxable","13":"purchasable","14":"product-type-simple"},"_links":{"self":[{"href":"https:\/\/eternalandorra.pro\/pirineusunited\/en\/wp-json\/wp\/v2\/product\/35316","targetHints":{"allow":["GET"]}}],"collection":[{"href":"https:\/\/eternalandorra.pro\/pirineusunited\/en\/wp-json\/wp\/v2\/product"}],"about":[{"href":"https:\/\/eternalandorra.pro\/pirineusunited\/en\/wp-json\/wp\/v2\/types\/product"}],"wp:featuredmedia":[{"embeddable":true,"href":"https:\/\/eternalandorra.pro\/pirineusunited\/en\/wp-json\/wp\/v2\/media\/35633"}],"wp:attachment":[{"href":"https:\/\/eternalandorra.pro\/pirineusunited\/en\/wp-json\/wp\/v2\/media?parent=35316"}],"wp:term":[{"taxonomy":"product_brand","embeddable":true,"href":"https:\/\/eternalandorra.pro\/pirineusunited\/en\/wp-json\/wp\/v2\/product_brand?post=35316"},{"taxonomy":"product_cat","embeddable":true,"href":"https:\/\/eternalandorra.pro\/pirineusunited\/en\/wp-json\/wp\/v2\/product_cat?post=35316"},{"taxonomy":"product_tag","embeddable":true,"href":"https:\/\/eternalandorra.pro\/pirineusunited\/en\/wp-json\/wp\/v2\/product_tag?post=35316"}],"curies":[{"name":"wp","href":"https:\/\/api.w.org\/{rel}","templated":true}]}}