{"id":35301,"date":"2024-07-14T10:52:27","date_gmt":"2024-07-14T10:52:27","guid":{"rendered":"https:\/\/eternalandorra.pro\/fcsantacoloma\/?post_type=product&#038;p=35301"},"modified":"2025-07-19T08:42:39","modified_gmt":"2025-07-19T08:42:39","slug":"xandall-pirineus-united","status":"publish","type":"product","link":"https:\/\/eternalandorra.pro\/pirineusunited\/en\/tienda\/individuals\/xandall-pirineus-united\/","title":{"rendered":"Xandall Pirineus United"},"content":{"rendered":"","protected":false},"excerpt":{"rendered":"<div class=\"woocommerce-product-details__short-description\">\n<p>Xandall d\u2019home\/nen, dissenyat per a la pr\u00e0ctica d\u2019esport i entrenaments en dies de temperatures baixes. Tamb\u00e9 \u00e9s adequat per vestir c\u00f2mode al dia a dia. Inclou dessuadora amb cremallera i pantalons llargs.<\/p>\n<p>La jaqueta \u00e9s de coll alt, oberta amb cremallera i butxaques. Tamb\u00e9 compta amb rib a la cintura i punys que proporciona un ajustament \u00f2ptim i c\u00f2mode al cos aportant. D\u2019aquesta manera, es donar\u00e0 un millor a\u00efllament contra el fred i es mantindr\u00e0 la calidesa.<\/p>\n<p>Els pantalons inclou cintura el\u00e0stica ajustable amb cord\u00f3 interior pla i \u00e0mplies butxaques laterals sense cremallera. El tall skinny aporta un toc actual al xandall.<\/p>\n<p>Ambdues peces estan confeccionades amb un teixit de qualitat, resistent i de f\u00e0cil cura. A m\u00e9s, permet que l\u2019esportista pugui fer tots els seus moviments amb total llibertat.<\/p>\n<p>Pel que fa al disseny, ambdues peces compten amb peces est\u00e8tiques en contrast a color. Als pantalons, destaca el logotip Joma personalitzat.<\/p>\n<\/div>","protected":false},"featured_media":35627,"template":"","meta":[],"product_brand":[],"product_cat":[152],"product_tag":[],"class_list":{"0":"post-35301","1":"product","2":"type-product","3":"status-publish","4":"has-post-thumbnail","6":"product_cat-individuals","9":"first","10":"instock","11":"taxable","12":"shipping-taxable","13":"purchasable","14":"product-type-simple"},"_links":{"self":[{"href":"https:\/\/eternalandorra.pro\/pirineusunited\/en\/wp-json\/wp\/v2\/product\/35301","targetHints":{"allow":["GET"]}}],"collection":[{"href":"https:\/\/eternalandorra.pro\/pirineusunited\/en\/wp-json\/wp\/v2\/product"}],"about":[{"href":"https:\/\/eternalandorra.pro\/pirineusunited\/en\/wp-json\/wp\/v2\/types\/product"}],"wp:featuredmedia":[{"embeddable":true,"href":"https:\/\/eternalandorra.pro\/pirineusunited\/en\/wp-json\/wp\/v2\/media\/35627"}],"wp:attachment":[{"href":"https:\/\/eternalandorra.pro\/pirineusunited\/en\/wp-json\/wp\/v2\/media?parent=35301"}],"wp:term":[{"taxonomy":"product_brand","embeddable":true,"href":"https:\/\/eternalandorra.pro\/pirineusunited\/en\/wp-json\/wp\/v2\/product_brand?post=35301"},{"taxonomy":"product_cat","embeddable":true,"href":"https:\/\/eternalandorra.pro\/pirineusunited\/en\/wp-json\/wp\/v2\/product_cat?post=35301"},{"taxonomy":"product_tag","embeddable":true,"href":"https:\/\/eternalandorra.pro\/pirineusunited\/en\/wp-json\/wp\/v2\/product_tag?post=35301"}],"curies":[{"name":"wp","href":"https:\/\/api.w.org\/{rel}","templated":true}]}}