{"id":35467,"date":"2024-11-07T13:33:32","date_gmt":"2024-11-07T13:33:32","guid":{"rendered":"https:\/\/eternalandorra.pro\/lauesport\/?post_type=product&#038;p=35467"},"modified":"2025-08-26T08:37:52","modified_gmt":"2025-08-26T08:37:52","slug":"pack-natacio-home-lauesport","status":"publish","type":"product","link":"https:\/\/eternalandorra.pro\/lauesport\/tienda\/packs\/pack-natacio-home-lauesport\/","title":{"rendered":"Pack Nataci\u00f3 mascul\u00ed LAUesport"},"content":{"rendered":"","protected":false},"excerpt":{"rendered":"<p>Pack de Roba Complet per a Nataci\u00f3. Obligatori per als nous jugadors del Club.<\/p>\n","protected":false},"featured_media":35433,"template":"","meta":[],"product_brand":[],"product_cat":[153],"product_tag":[],"class_list":{"0":"post-35467","1":"product","2":"type-product","3":"status-publish","4":"has-post-thumbnail","6":"product_cat-packs","9":"first","10":"instock","11":"taxable","12":"shipping-taxable","13":"purchasable","14":"product-type-simple"},"_links":{"self":[{"href":"https:\/\/eternalandorra.pro\/lauesport\/wp-json\/wp\/v2\/product\/35467","targetHints":{"allow":["GET"]}}],"collection":[{"href":"https:\/\/eternalandorra.pro\/lauesport\/wp-json\/wp\/v2\/product"}],"about":[{"href":"https:\/\/eternalandorra.pro\/lauesport\/wp-json\/wp\/v2\/types\/product"}],"wp:featuredmedia":[{"embeddable":true,"href":"https:\/\/eternalandorra.pro\/lauesport\/wp-json\/wp\/v2\/media\/35433"}],"wp:attachment":[{"href":"https:\/\/eternalandorra.pro\/lauesport\/wp-json\/wp\/v2\/media?parent=35467"}],"wp:term":[{"taxonomy":"product_brand","embeddable":true,"href":"https:\/\/eternalandorra.pro\/lauesport\/wp-json\/wp\/v2\/product_brand?post=35467"},{"taxonomy":"product_cat","embeddable":true,"href":"https:\/\/eternalandorra.pro\/lauesport\/wp-json\/wp\/v2\/product_cat?post=35467"},{"taxonomy":"product_tag","embeddable":true,"href":"https:\/\/eternalandorra.pro\/lauesport\/wp-json\/wp\/v2\/product_tag?post=35467"}],"curies":[{"name":"wp","href":"https:\/\/api.w.org\/{rel}","templated":true}]}}