{"id":35299,"date":"2024-07-14T10:50:12","date_gmt":"2024-07-14T10:50:12","guid":{"rendered":"https:\/\/eternalandorra.pro\/fcsantacoloma\/?post_type=product&#038;p=35299"},"modified":"2025-08-21T09:38:15","modified_gmt":"2025-08-21T09:38:15","slug":"motxilla-futbol-sala-lauesport","status":"publish","type":"product","link":"https:\/\/eternalandorra.pro\/lauesport\/tienda\/futbol-sala\/motxilla-futbol-sala-lauesport\/","title":{"rendered":"Motxilla Futbol Sala LAUesport"},"content":{"rendered":"","protected":false},"excerpt":{"rendered":"<p>Ampolla esportiva amb capacitat per a 780 ml. Elaborades amb pl\u00e0stic durador, resistent i de f\u00e0cil rentat. Tapa ampolla: 100% polipropil\u00e8 copol\u00edmer Cos ampolla: 100% polietil\u00e8 de baixa densitat<\/p>\n","protected":false},"featured_media":35899,"template":"","meta":[],"product_brand":[],"product_cat":[200],"product_tag":[],"class_list":{"0":"post-35299","1":"product","2":"type-product","3":"status-publish","4":"has-post-thumbnail","6":"product_cat-futbol-sala","9":"first","10":"instock","11":"taxable","12":"shipping-taxable","13":"purchasable","14":"product-type-simple"},"_links":{"self":[{"href":"https:\/\/eternalandorra.pro\/lauesport\/wp-json\/wp\/v2\/product\/35299","targetHints":{"allow":["GET"]}}],"collection":[{"href":"https:\/\/eternalandorra.pro\/lauesport\/wp-json\/wp\/v2\/product"}],"about":[{"href":"https:\/\/eternalandorra.pro\/lauesport\/wp-json\/wp\/v2\/types\/product"}],"wp:featuredmedia":[{"embeddable":true,"href":"https:\/\/eternalandorra.pro\/lauesport\/wp-json\/wp\/v2\/media\/35899"}],"wp:attachment":[{"href":"https:\/\/eternalandorra.pro\/lauesport\/wp-json\/wp\/v2\/media?parent=35299"}],"wp:term":[{"taxonomy":"product_brand","embeddable":true,"href":"https:\/\/eternalandorra.pro\/lauesport\/wp-json\/wp\/v2\/product_brand?post=35299"},{"taxonomy":"product_cat","embeddable":true,"href":"https:\/\/eternalandorra.pro\/lauesport\/wp-json\/wp\/v2\/product_cat?post=35299"},{"taxonomy":"product_tag","embeddable":true,"href":"https:\/\/eternalandorra.pro\/lauesport\/wp-json\/wp\/v2\/product_tag?post=35299"}],"curies":[{"name":"wp","href":"https:\/\/api.w.org\/{rel}","templated":true}]}}