{"id":35741,"date":"2024-11-12T12:45:20","date_gmt":"2024-11-12T12:45:20","guid":{"rendered":"https:\/\/eternalandorra.pro\/lauesport\/?page_id=35741"},"modified":"2024-11-12T12:57:55","modified_gmt":"2024-11-12T12:57:55","slug":"aviso-legal","status":"publish","type":"page","link":"https:\/\/eternalandorra.pro\/lauesport\/en\/aviso-legal\/","title":{"rendered":"Aviso Legal"},"content":{"rendered":"<div data-elementor-type=\"wp-page\" data-elementor-id=\"35741\" class=\"elementor elementor-35741\" data-elementor-post-type=\"page\">\n\t\t\t\t\t\t<section class=\"elementor-section elementor-top-section elementor-element elementor-element-d68c188 elementor-section-boxed elementor-section-height-default elementor-section-height-default\" data-id=\"d68c188\" data-element_type=\"section\">\n\t\t\t\t\t\t<div class=\"elementor-container elementor-column-gap-default\">\n\t\t\t\t\t<div class=\"elementor-column elementor-col-100 elementor-top-column elementor-element elementor-element-dc6033f\" data-id=\"dc6033f\" data-element_type=\"column\">\n\t\t\t<div class=\"elementor-widget-wrap elementor-element-populated\">\n\t\t\t\t\t\t<div class=\"elementor-element elementor-element-29f4a18 title-block-1 elementor-widget elementor-widget-heading\" data-id=\"29f4a18\" data-element_type=\"widget\" data-widget_type=\"heading.default\">\n\t\t\t\t<div class=\"elementor-widget-container\">\n\t\t\t\t\t<h2 class=\"elementor-heading-title elementor-size-default\">Avisos Legales.<\/h2>\t\t\t\t<\/div>\n\t\t\t\t<\/div>\n\t\t\t\t<div class=\"elementor-element elementor-element-f2e423d elementor-widget elementor-widget-text-editor\" data-id=\"f2e423d\" data-element_type=\"widget\" data-widget_type=\"text-editor.default\">\n\t\t\t\t<div class=\"elementor-widget-container\">\n\t\t\t\t\t\t\t\t\t<p>El portal\u00a0<strong>www.eternalandorra.pro<\/strong>\u00a0est\u00e1 gestionado operativamente y comercialmente por\u00a0<em>ETERNAL<\/em>\u00a0(en adelante, \u201c<strong>ETERNAL<\/strong>\u201d) , quien alberga todo el contenido de dicho enlace en un servidor de su propiedad.<\/p><p>Todos los derechos reservados.<\/p><p>La sociedad ETERNAL, tiene su domicilio fiscal en\u00a0C\/ de les Boh\u00efgues, Ed. Pic Blanc , Despatx 501.\u00a0Escaldes Engordany AD 700, con el\u00a0<strong>NRT<\/strong>\u00a0\u2013 039252V.<\/p><p><strong>ETERNAL<br \/>NRT \u2013 039252V<br \/><\/strong>C\/ de les Boh\u00efgues, Ed. Pic Blanc , Despatx 501.<br \/>Escaldes Engordany \u2013\u00a0AD 700<br \/><strong>Tel.:\u00a0<a href=\"tel:+376392730\">+376392730<\/a><\/strong><br \/><strong>E-mail:<\/strong>\u00a0<a href=\"mailto:eternal@andorra.ad\">eternal@andorra.ad<\/a><\/p><p>El acceso a la p\u00e1gina web\u00a0<strong>www.eternalandorra.pro<\/strong>\u00a0y a la informaci\u00f3n relativa a cualquiera de los productos contenidos en la misma comporta la aceptaci\u00f3n de las condiciones previstas en el presente Aviso Legal. Por ello, le recomendamos que lea atentamente su contenido si usted desea acceder y hacer uso de la informaci\u00f3n ofrecida desde la p\u00e1gina web.<\/p>\t\t\t\t\t\t\t\t<\/div>\n\t\t\t\t<\/div>\n\t\t\t\t<div class=\"elementor-element elementor-element-5aadbb0 elementor-widget elementor-widget-text-editor\" data-id=\"5aadbb0\" data-element_type=\"widget\" data-widget_type=\"text-editor.default\">\n\t\t\t\t<div class=\"elementor-widget-container\">\n\t\t\t\t\t\t\t\t\t<h3><u>Validez de la informaci\u00f3n<\/u><\/h3>\n<p>La informaci\u00f3n contenida en esta p\u00e1gina web es la vigente en la fecha de su \u00faltima actualizaci\u00f3n.<\/p>\n<p>Las presentes condiciones son las vigentes desde la fecha de su \u00faltima actualizaci\u00f3n.&nbsp;<strong>ETERNAL&nbsp;<\/strong>se reservan el derecho a modificarlas en cualquier momento, en cuyo caso entrar\u00e1n en vigor desde su publicaci\u00f3n y ser\u00e1n aplicables a todos los usuarios de la p\u00e1gina web desde esa fecha.<\/p>\n<p>Los contenidos de la p\u00e1gina web, en especial las referencias informativas, salvo que expresamente se indique lo contrario, no constituyen oferta vinculante.&nbsp;<strong>ETERNAL<\/strong><strong>&nbsp;<\/strong>se reserva el derecho a introducir modificaciones u omitir parcial o totalmente los actuales contenidos de la p\u00e1gina web cuando lo considere oportuno, as\u00ed como impedir o restringir el acceso de forma temporal o permanente.<\/p>\n<p><\/p>\n<h3><u>Propiedad intelectual e industrial<\/u><\/h3>\n<p>La tienda online del portal&nbsp;<strong>www.eternalandorra.com<\/strong>&nbsp;es un sitio web propiedad de&nbsp;<strong>ETERNAL<\/strong><strong>.<\/strong><\/p>\n<p>La p\u00e1gina&nbsp;<strong>www.eternalandorra.com<\/strong>, las p\u00e1ginas que comprende y la informaci\u00f3n o elementos contenidos en la misma (incluyendo textos, documentos, fotograf\u00edas, dibujos, representaciones gr\u00e1ficas, bases de datos, programas inform\u00e1ticos, as\u00ed como logotipos, marcas, nombres comerciales, u otros signos distintivos) est\u00e1n protegidos por derechos de propiedad intelectual e industrial correspondientes, y pertenecen a&nbsp;<strong>ETERNAL<\/strong>.<\/p>\n<p><strong>ETERNAL<\/strong>&nbsp;no otorga garant\u00eda alguna sobre la licitud y legalidad de la informaci\u00f3n o elementos contenidos en la p\u00e1gina web cuando la titularidad de la misma no corresponda a&nbsp;<strong>ETERNAL<\/strong>&nbsp;, o \u00e9sta no tenga licencia o derechos de uso sobre dichos elementos.<\/p>\n<p><\/p>\n<h3><u>Usos prohibidos y permitidos<\/u><\/h3>\n<p>Queda prohibida cualquier modalidad de explotaci\u00f3n, incluyendo todo tipo de reproducci\u00f3n, distribuci\u00f3n, cesi\u00f3n a terceros, comunicaci\u00f3n p\u00fablica y transformaci\u00f3n, mediante cualquier tipo de soporte y medio, de las obras antes referidas, creaciones y signos distintivos sin autorizaci\u00f3n previa y expresa de sus respectivos titulares. El incumplimiento de esta prohibici\u00f3n podr\u00e1 constituir infracci\u00f3n sancionable por la legislaci\u00f3n vigente.<\/p>\n<p>No obstante, por su cuenta y riesgo, el usuario podr\u00e1 descargar o realizar copia de tales elementos exclusivamente para su uso personal, siempre que no infrinja ninguno de los derechos de propiedad intelectual o industrial de la UB o&nbsp;<strong>ETERNAL<\/strong>. En especial, no podr\u00e1 alterarlos, modificarlos o suprimirlos ni total ni parcialmente. En ning\u00fan caso, ello significar\u00e1 una autorizaci\u00f3n o licencia sobre los derechos de propiedad de la UB o&nbsp;<strong>ETERNAL<\/strong>.<\/p>\n<p><\/p>\n<h3><u>Responsabilidades<\/u><\/h3>\n<p><strong>ETERNAL<\/strong>&nbsp;no garantiza el acceso continuado, ni la correcta visualizaci\u00f3n, descarga o utilidad de los elementos e informaci\u00f3n contenidos en la p\u00e1gina web, que pueden verse impedidos, dificultados o interrumpidos por factores o circunstancias fuera de su control.<\/p>\n<p><strong>ETERNAL<\/strong>&nbsp;no es responsable de la informaci\u00f3n y dem\u00e1s contenidos integrados en espacios o p\u00e1ginas web de terceros accesibles desde la p\u00e1gina web de&nbsp;<strong>ETERNAL<\/strong><strong>&nbsp;<\/strong>mediante enlaces, hiperv\u00ednculos o links, ni de la informaci\u00f3n y dem\u00e1s contenidos integrados en espacios o p\u00e1ginas web de terceros desde los que se acceda mediante enlaces, hiperv\u00ednculos o links a la p\u00e1gina web, ni de la informaci\u00f3n y contenidos de cualquier p\u00e1gina web de terceros que se presente bajo la apariencia o signos distintivos de&nbsp;<strong>ETERNAL<\/strong>, salvo autorizaci\u00f3n expresa de esta \u00faltima.<\/p>\n<p>Salvo que expresamente se disponga lo contrario en las presentes Condiciones, nuestra responsabilidad en relaci\u00f3n con cualquier producto adquirido en nuestra p\u00e1gina web estar\u00e1 limitada estrictamente al precio de compra de dicho producto. En consecuencia, no se acepta responsabilidad por las siguientes p\u00e9rdidas, con independencia de su origen: p\u00e9rdidas de ingresos o ventas; p\u00e9rdida de negocio; lucro cesante o p\u00e9rdida de contratos; p\u00e9rdida de ahorros previstos; p\u00e9rdida de datos; y p\u00e9rdida de tiempo de gesti\u00f3n o de horario de oficina.<\/p>\n<p>Todas las descripciones de productos, informaciones y materiales que figuran en esta p\u00e1gina web se suministran como cuerpo cierto y sin garant\u00edas expresas o impl\u00edcitas sobre los mismos. Con el alcance que permita la ley, se excluyen todas las garant\u00edas, salvo aqu\u00e9llas que no puedan ser leg\u00edtimamente excluidas frente a los consumidores y usuarios. Lo dispuesto en la presente cl\u00e1usula no afectar\u00e1 a sus derechos legales como consumidor y usuario, ni a su derecho a desistir del Contrato.<\/p>\n<p><strong>ETERNAL<\/strong>&nbsp;no asume responsabilidad alguna con relaci\u00f3n a la informaci\u00f3n, contenidos de todo tipo y productos ofertados a trav\u00e9s de la p\u00e1gina web, y en especial por los da\u00f1os y perjuicios de cualquier tipo que vinculados a lo anterior puedan producirse por el car\u00e1cter defectuoso de los productos, correspondiendo dicha responsabilidad al fabricante o importador del mismo, de conformidad con la normativa de aplicaci\u00f3n.<\/p>\n<p><strong>ETERNAL<\/strong>&nbsp;tampoco asume responsabilidad alguna por da\u00f1os, perjuicios, p\u00e9rdidas, reclamaciones o gastos, producidos por: interferencias, interrupciones, fallos, omisiones, aver\u00edas telef\u00f3nicas, retrasos, bloqueos o desconexiones en el funcionamiento del sistema electr\u00f3nico, motivadas por deficiencias, sobrecargas y errores en las l\u00edneas y redes de telecomunicaciones, o por cualquier otra causa ajena al control de&nbsp;<strong>ETERNAL<\/strong>.<\/p>\n<p>Intromisiones ileg\u00edtimas mediante el uso de programas malignos de cualquier tipo y a trav\u00e9s de cualquier medio de comunicaci\u00f3n, tales como virus inform\u00e1ticos o cualesquiera otros.<\/p>\n<p>Uso indebido o inadecuado de la p\u00e1gina web:&nbsp;<strong>www.eternalandorra.pro<\/strong><\/p>\n<p>Errores de seguridad o navegaci\u00f3n producidos por un mal funcionamiento del navegador o por el uso de versiones no actualizadas del mismo.<\/p>\n<p><\/p>\n<h3><u>Protecci\u00f3n de datos<\/u><\/h3>\n<p>En cumplimiento de lo establecido en la Ley Org\u00e1nica 15\/99 de 13 de diciembre de Protecci\u00f3n de Datos de Car\u00e1cter Personal, se informa a los usuarios que los datos que nos faciliten pasar\u00e1n a formar parte de un fichero debidamente registrado en la Agencia de Protecci\u00f3n de Datos, propiedad y responsabilidad&nbsp;<strong>ETERNAL<\/strong><strong>&nbsp;<\/strong>para el mantenimiento del contacto y para finalidades publicitarias de los productos (novedades, sorteos, promociones),as\u00ed como para ofrecerle ayuda en los casos en que abandone la cesta de la compra.<\/p>\n<p>Bajo ninguna circunstancia&nbsp;<strong>ETERNAL<\/strong>&nbsp;podr\u00e1 mostrar, comercializar, divulgar o ceder la base de datos a un tercero.<\/p>\n<p>Usted podr\u00e1 ejercer sus derechos de acceso, rectificaci\u00f3n, cancelaci\u00f3n y oposici\u00f3n a lo anterior dirigi\u00e9ndose a&nbsp;<strong>ETERNAL<\/strong><strong>&nbsp;<\/strong>,&nbsp;<strong>NRT<\/strong>&nbsp;\u2013 039252V, por cualquiera de las siguientes v\u00edas:<\/p>\n<ul>\n<li>Enviando un e-mail a&nbsp;<a href=\"mailto:eternal@andorra.ad\">eternal@andorra.ad<\/a><\/li>\n<li>enviando una carta certificada por correo ordinario al domicilio social de la compa\u00f1\u00eda C\/ de les Boh\u00efgues, Ed. Pic Blanc , Despatx 501. Escaldes Engordany \u2013 AD 700.<\/li>\n<\/ul>\n<h3><u>LSSICE<\/u><\/h3>\n<p>En cumplimiento de lo establecido en la ley 34\/2002 de Servicios de la Sociedad de la Informaci\u00f3n y Comercio Electr\u00f3nico, tambi\u00e9n le informamos que usted manifiesta de forma expresa mediante la cumplimentaci\u00f3n del presente formulario que desea recibir comunicaciones comerciales mediante correo electr\u00f3nico de las ofertas, promociones y nuevos productos, as\u00ed como notificaciones sobre la cesta de la compra.<\/p>\t\t\t\t\t\t\t\t<\/div>\n\t\t\t\t<\/div>\n\t\t\t\t\t<\/div>\n\t\t<\/div>\n\t\t\t\t\t<\/div>\n\t\t<\/section>\n\t\t\t\t<\/div>","protected":false},"excerpt":{"rendered":"<p>Avisos Legales. El portal\u00a0www.eternalandorra.pro\u00a0est\u00e1 gestionado operativamente y comercialmente por\u00a0ETERNAL\u00a0(en adelante, \u201cETERNAL\u201d) , quien alberga todo el contenido de dicho enlace en un servidor de su propiedad. Todos los derechos reservados. La sociedad ETERNAL, tiene su domicilio fiscal en\u00a0C\/ de les Boh\u00efgues, Ed. Pic Blanc , Despatx 501.\u00a0Escaldes Engordany AD 700, con el\u00a0NRT\u00a0\u2013 039252V. ETERNALNRT \u2013 [&hellip;]<\/p>","protected":false},"author":1,"featured_media":0,"parent":0,"menu_order":0,"comment_status":"closed","ping_status":"closed","template":"","meta":{"footnotes":""},"class_list":["post-35741","page","type-page","status-publish","hentry"],"_links":{"self":[{"href":"https:\/\/eternalandorra.pro\/lauesport\/en\/wp-json\/wp\/v2\/pages\/35741","targetHints":{"allow":["GET"]}}],"collection":[{"href":"https:\/\/eternalandorra.pro\/lauesport\/en\/wp-json\/wp\/v2\/pages"}],"about":[{"href":"https:\/\/eternalandorra.pro\/lauesport\/en\/wp-json\/wp\/v2\/types\/page"}],"author":[{"embeddable":true,"href":"https:\/\/eternalandorra.pro\/lauesport\/en\/wp-json\/wp\/v2\/users\/1"}],"replies":[{"embeddable":true,"href":"https:\/\/eternalandorra.pro\/lauesport\/en\/wp-json\/wp\/v2\/comments?post=35741"}],"version-history":[{"count":4,"href":"https:\/\/eternalandorra.pro\/lauesport\/en\/wp-json\/wp\/v2\/pages\/35741\/revisions"}],"predecessor-version":[{"id":35752,"href":"https:\/\/eternalandorra.pro\/lauesport\/en\/wp-json\/wp\/v2\/pages\/35741\/revisions\/35752"}],"wp:attachment":[{"href":"https:\/\/eternalandorra.pro\/lauesport\/en\/wp-json\/wp\/v2\/media?parent=35741"}],"curies":[{"name":"wp","href":"https:\/\/api.w.org\/{rel}","templated":true}]}}