{"id":36002,"date":"2025-04-08T08:23:36","date_gmt":"2025-04-08T08:23:36","guid":{"rendered":"https:\/\/eternalandorra.pro\/jobandsports\/?post_type=product&#038;p=36002"},"modified":"2025-04-08T08:25:25","modified_gmt":"2025-04-08T08:25:25","slug":"botes-dribling-negre","status":"publish","type":"product","link":"https:\/\/eternalandorra.pro\/jobandsports\/en\/tienda\/individuals\/botes-dribling-negre\/","title":{"rendered":"Botes Dribling Negre"},"content":{"rendered":"","protected":false},"excerpt":{"rendered":"<div class=\"woocommerce-product-details__short-description\">\n<p><strong>Botes de turf<\/strong>\u00a0(superf\u00edcies sint\u00e8tiques i moqueta). Aquest model multitacs per a home i dona s\u2019ha desenvolupat per a\u00a0<strong>futbolistes en etapa amateur.<\/strong>\u00a0Amb car\u00e0cter polivalent, en destaca la construcci\u00f3 en material resistent i transpirable. Tot un cl\u00e0ssic per a joves promeses del futbol que us permetr\u00e0 entrenar i jugar amb comoditat.<\/p>\n<p>La transpirabilitat, estabilitat i resist\u00e8ncia s\u00f3n fruit de la combinaci\u00f3 perfecta del material sint\u00e8tic i la reixeta mesh amb qu\u00e8 est\u00e0 fabricat la seva cort. A m\u00e9s, a l\u2019upper s\u2019hi afegeixen petites perforacions conegudes com a VTS que ajuden a la ventilaci\u00f3 de la suor perqu\u00e8 el peu del futbolista es mantingui fresc i sec. La lleugera lleng\u00fceta de t\u00e8xtil i la tecnologia PERFECT FIT de la cordonera afavoreixen la subjecci\u00f3 aconseguint que les botes s\u2019adaptin a la perfecci\u00f3 al peu.<\/p>\n<p>La sola \u00e9s de cautx\u00fa\u00a0<strong>DURABILITY<\/strong>\u00a0d\u2019alta qualitat amb bona resist\u00e8ncia al desgast per abrasi\u00f3 i subjecci\u00f3 a la superf\u00edcie. Amb estructura multitac que disminueix la pressi\u00f3 de la petjada i assegura un bon suport.<\/p>\n<\/div>","protected":false},"featured_media":36003,"template":"","meta":[],"product_brand":[],"product_cat":[152],"product_tag":[],"class_list":{"0":"post-36002","1":"product","2":"type-product","3":"status-publish","4":"has-post-thumbnail","6":"product_cat-individuals","9":"first","10":"instock","11":"taxable","12":"shipping-taxable","13":"purchasable","14":"product-type-simple"},"_links":{"self":[{"href":"https:\/\/eternalandorra.pro\/jobandsports\/en\/wp-json\/wp\/v2\/product\/36002","targetHints":{"allow":["GET"]}}],"collection":[{"href":"https:\/\/eternalandorra.pro\/jobandsports\/en\/wp-json\/wp\/v2\/product"}],"about":[{"href":"https:\/\/eternalandorra.pro\/jobandsports\/en\/wp-json\/wp\/v2\/types\/product"}],"wp:featuredmedia":[{"embeddable":true,"href":"https:\/\/eternalandorra.pro\/jobandsports\/en\/wp-json\/wp\/v2\/media\/36003"}],"wp:attachment":[{"href":"https:\/\/eternalandorra.pro\/jobandsports\/en\/wp-json\/wp\/v2\/media?parent=36002"}],"wp:term":[{"taxonomy":"product_brand","embeddable":true,"href":"https:\/\/eternalandorra.pro\/jobandsports\/en\/wp-json\/wp\/v2\/product_brand?post=36002"},{"taxonomy":"product_cat","embeddable":true,"href":"https:\/\/eternalandorra.pro\/jobandsports\/en\/wp-json\/wp\/v2\/product_cat?post=36002"},{"taxonomy":"product_tag","embeddable":true,"href":"https:\/\/eternalandorra.pro\/jobandsports\/en\/wp-json\/wp\/v2\/product_tag?post=36002"}],"curies":[{"name":"wp","href":"https:\/\/api.w.org\/{rel}","templated":true}]}}