{"id":35260,"date":"2024-10-20T10:47:43","date_gmt":"2024-10-20T10:47:43","guid":{"rendered":"https:\/\/eternalandorra.pro\/interescaldes\/?page_id=35260"},"modified":"2024-10-20T10:51:42","modified_gmt":"2024-10-20T10:51:42","slug":"productos","status":"publish","type":"page","link":"https:\/\/eternalandorra.pro\/interescaldes\/es\/productos\/","title":{"rendered":"Productos"},"content":{"rendered":"\t\t<div data-elementor-type=\"wp-page\" data-elementor-id=\"35260\" class=\"elementor elementor-35260\" data-elementor-post-type=\"page\">\n\t\t\t\t<div class=\"elementor-element elementor-element-6231a66 e-flex e-con-boxed e-con e-parent\" data-id=\"6231a66\" data-element_type=\"container\">\n\t\t\t\t\t<div class=\"e-con-inner\">\n\t\t<div class=\"elementor-element elementor-element-7d8668a e-con-full e-flex e-con e-child\" data-id=\"7d8668a\" data-element_type=\"container\">\n\t\t\t\t<div class=\"elementor-element elementor-element-efb766f elementor-widget elementor-widget-heading\" data-id=\"efb766f\" data-element_type=\"widget\" data-widget_type=\"heading.default\">\n\t\t\t\t<div class=\"elementor-widget-container\">\n\t\t\t\t\t<h2 class=\"elementor-heading-title elementor-size-default\">PRODUCTOS INDIVIDUALES<\/h2>\t\t\t\t<\/div>\n\t\t\t\t<\/div>\n\t\t\t\t<div class=\"elementor-element elementor-element-98ab121 elementor-widget elementor-widget-heading\" data-id=\"98ab121\" data-element_type=\"widget\" data-widget_type=\"heading.default\">\n\t\t\t\t<div class=\"elementor-widget-container\">\n\t\t\t\t\t<h2 class=\"elementor-heading-title elementor-size-default\">Todas las piezas disponibles<\/h2>\t\t\t\t<\/div>\n\t\t\t\t<\/div>\n\t\t\t\t<div class=\"elementor-element elementor-element-099832f elementor-widget-divider--view-line elementor-widget elementor-widget-divider\" data-id=\"099832f\" data-element_type=\"widget\" data-widget_type=\"divider.default\">\n\t\t\t\t<div class=\"elementor-widget-container\">\n\t\t\t\t\t\t\t<div class=\"elementor-divider\">\n\t\t\t<span class=\"elementor-divider-separator\">\n\t\t\t\t\t\t<\/span>\n\t\t<\/div>\n\t\t\t\t\t\t<\/div>\n\t\t\t\t<\/div>\n\t\t\t\t<\/div>\n\t\t\t\t<div class=\"elementor-element elementor-element-2e9cf27 elementor-widget elementor-widget-bwp_product_list\" data-id=\"2e9cf27\" data-element_type=\"widget\" data-widget_type=\"bwp_product_list.default\">\n\t\t\t\t<div class=\"elementor-widget-container\">\n\t\t\t\t\t\r\n\t<div id=\"bwp_default_9412111841776512500\" class=\"bwp_product_list default\">\r\n\t\t\t\t<div class=\"content products-list grid row\">\t\r\n\t\t\t\t\t<div class=\"item-product col-xl-3 col-lg-3 col-md-12 col-12\">\r\n\t\t\t\t\t\t\t\t\t<div class=\"products-entry content-product1 clearfix product-wapper\">\n\t<div class=\"products-thumb\">\n\t\t\t<div class='product-lable'>\n\t\t\t\t\t\t\t\t\n\t\t\t<\/div>\n<a href=\"https:\/\/eternalandorra.pro\/interescaldes\/tienda\/interescaldes\/individuals\/jaqueta-inter-escaldes\/\" class=\"woocommerce-LoopProduct-link\"><img fetchpriority=\"high\" decoding=\"async\" width=\"400\" height=\"400\" src=\"https:\/\/eternalandorra.pro\/interescaldes\/wp-content\/uploads\/2024\/07\/27-400x400.png\" class=\"fade-in lazyload wp-post-image\" alt=\"\" loading=\"eager\" \/><\/a>\t\t<div class='product-button'>\n\t\t\t<div data-title=\"A\u00f1adir al carrito\"><a rel=\"nofollow\"  href=\"https:\/\/eternalandorra.pro\/interescaldes\/tienda\/interescaldes\/individuals\/jaqueta-inter-escaldes\/\" data-quantity=\"1\" data-product_id=\"34993\" data-product_sku=\"\" class=\"button product_type_simple add_to_cart_button\">A\u00f1adir al carrito<\/a><\/div>\t\t<\/div>\n\t\t\t<\/div>\n\t<div class=\"products-content\">\n\t\t<div class=\"contents\">\n\t\t\t\t\t\t<div class=\"rating none\">\n\t\t\t<div class=\"star-rating none\"><\/div>\n\t\t\t<div class=\"review-count\">\n\t\t\t\t(0 review)\n\t\t\t<\/div>\n\t\t<\/div>\n\t\t\t\t<h3 class=\"product-title\"><a href=\"https:\/\/eternalandorra.pro\/interescaldes\/tienda\/interescaldes\/individuals\/jaqueta-inter-escaldes\/\">Jaqueta (Soft shell) Inter Escaldes<\/a><\/h3>\n\t\t\t\n\t<span class=\"price\"><span class=\"woocommerce-Price-amount amount\"><bdi>40.00<span class=\"woocommerce-Price-currencySymbol\">&euro;<\/span><\/bdi><\/span><\/span>\n\t\t<\/div>\n\t<\/div>\n<\/div>\t\t\t\t\t\t\t<\/div>\r\n\t\t\t\t\t<div class=\"item-product col-xl-3 col-lg-3 col-md-12 col-12\">\r\n\t\t\t\t\t\t\t\t\t<div class=\"products-entry content-product1 clearfix product-wapper\">\n\t<div class=\"products-thumb\">\n\t\t\t<div class='product-lable'>\n\t\t\t\t\t\t\t\t\n\t\t\t<\/div>\n<a href=\"https:\/\/eternalandorra.pro\/interescaldes\/tienda\/interescaldes\/individuals\/bufanda-inter-escaldes\/\" class=\"woocommerce-LoopProduct-link\"><img decoding=\"async\" width=\"400\" height=\"400\" src=\"https:\/\/eternalandorra.pro\/interescaldes\/wp-content\/uploads\/2024\/07\/34-1-400x400.jpg\" class=\"fade-in lazyload wp-post-image\" alt=\"\" loading=\"eager\" \/><\/a>\t\t<div class='product-button'>\n\t\t\t<div data-title=\"Afegeix a la cistella\"><a rel=\"nofollow\"  href=\"\/interescaldes\/wp-json\/wp\/v2\/pages\/35260?add-to-cart=34995\" data-quantity=\"1\" data-product_id=\"34995\" data-product_sku=\"\" class=\"button product_type_simple add_to_cart_button ajax_add_to_cart\">Afegeix a la cistella<\/a><\/div>\t\t<\/div>\n\t\t\t<\/div>\n\t<div class=\"products-content\">\n\t\t<div class=\"contents\">\n\t\t\t\t\t\t<div class=\"rating none\">\n\t\t\t<div class=\"star-rating none\"><\/div>\n\t\t\t<div class=\"review-count\">\n\t\t\t\t(0 review)\n\t\t\t<\/div>\n\t\t<\/div>\n\t\t\t\t<h3 class=\"product-title\"><a href=\"https:\/\/eternalandorra.pro\/interescaldes\/tienda\/interescaldes\/individuals\/bufanda-inter-escaldes\/\">Bufanda Inter Escaldes<\/a><\/h3>\n\t\t\t\n\t<span class=\"price\"><span class=\"woocommerce-Price-amount amount\"><bdi>13.00<span class=\"woocommerce-Price-currencySymbol\">&euro;<\/span><\/bdi><\/span><\/span>\n\t\t<\/div>\n\t<\/div>\n<\/div>\t\t\t\t\t\t\t<\/div>\r\n\t\t\t\t\t<div class=\"item-product col-xl-3 col-lg-3 col-md-12 col-12\">\r\n\t\t\t\t\t\t\t\t\t<div class=\"products-entry content-product1 clearfix product-wapper\">\n\t<div class=\"products-thumb\">\n\t\t\t<div class='product-lable'>\n\t\t\t\t\t\t\t\t\n\t\t\t<\/div>\n<a href=\"https:\/\/eternalandorra.pro\/interescaldes\/tienda\/interescaldes\/individuals\/impermeable-inter-escaldes\/\" class=\"woocommerce-LoopProduct-link\"><img decoding=\"async\" width=\"400\" height=\"400\" src=\"https:\/\/eternalandorra.pro\/interescaldes\/wp-content\/uploads\/2024\/07\/27-1-400x400.png\" class=\"fade-in lazyload wp-post-image\" alt=\"\" loading=\"eager\" \/><\/a>\t\t<div class='product-button'>\n\t\t\t<div data-title=\"A\u00f1adir al carrito\"><a rel=\"nofollow\"  href=\"https:\/\/eternalandorra.pro\/interescaldes\/tienda\/interescaldes\/individuals\/impermeable-inter-escaldes\/\" data-quantity=\"1\" data-product_id=\"34997\" data-product_sku=\"\" class=\"button product_type_simple add_to_cart_button\">A\u00f1adir al carrito<\/a><\/div>\t\t<\/div>\n\t\t\t<\/div>\n\t<div class=\"products-content\">\n\t\t<div class=\"contents\">\n\t\t\t\t\t\t<div class=\"rating none\">\n\t\t\t<div class=\"star-rating none\"><\/div>\n\t\t\t<div class=\"review-count\">\n\t\t\t\t(0 review)\n\t\t\t<\/div>\n\t\t<\/div>\n\t\t\t\t<h3 class=\"product-title\"><a href=\"https:\/\/eternalandorra.pro\/interescaldes\/tienda\/interescaldes\/individuals\/impermeable-inter-escaldes\/\">Impermeable Inter Escaldes<\/a><\/h3>\n\t\t\t\n\t<span class=\"price\"><span class=\"woocommerce-Price-amount amount\"><bdi>20.00<span class=\"woocommerce-Price-currencySymbol\">&euro;<\/span><\/bdi><\/span><\/span>\n\t\t<\/div>\n\t<\/div>\n<\/div>\t\t\t\t\t\t\t<\/div>\r\n\t\t\t\t\t<div class=\"item-product col-xl-3 col-lg-3 col-md-12 col-12\">\r\n\t\t\t\t\t\t\t\t\t<div class=\"products-entry content-product1 clearfix product-wapper\">\n\t<div class=\"products-thumb\">\n\t\t\t<div class='product-lable'>\n\t\t\t\t\t\t\t\t\n\t\t\t<\/div>\n<a href=\"https:\/\/eternalandorra.pro\/interescaldes\/tienda\/interescaldes\/individuals\/mitgetes-blaves-inter-escaldes\/\" class=\"woocommerce-LoopProduct-link\"><img decoding=\"async\" width=\"400\" height=\"400\" src=\"https:\/\/eternalandorra.pro\/interescaldes\/wp-content\/uploads\/2024\/07\/22-400x400.png\" class=\"fade-in lazyload wp-post-image\" alt=\"\" loading=\"eager\" \/><\/a>\t\t<div class='product-button'>\n\t\t\t<div data-title=\"A\u00f1adir al carrito\"><a rel=\"nofollow\"  href=\"https:\/\/eternalandorra.pro\/interescaldes\/tienda\/interescaldes\/individuals\/mitgetes-blaves-inter-escaldes\/\" data-quantity=\"1\" data-product_id=\"34999\" data-product_sku=\"\" class=\"button product_type_simple add_to_cart_button\">A\u00f1adir al carrito<\/a><\/div>\t\t<\/div>\n\t\t\t<\/div>\n\t<div class=\"products-content\">\n\t\t<div class=\"contents\">\n\t\t\t\t\t\t<div class=\"rating none\">\n\t\t\t<div class=\"star-rating none\"><\/div>\n\t\t\t<div class=\"review-count\">\n\t\t\t\t(0 review)\n\t\t\t<\/div>\n\t\t<\/div>\n\t\t\t\t<h3 class=\"product-title\"><a href=\"https:\/\/eternalandorra.pro\/interescaldes\/tienda\/interescaldes\/individuals\/mitgetes-blaves-inter-escaldes\/\">Mitges Blaves Inter Escaldes<\/a><\/h3>\n\t\t\t\n\t<span class=\"price\"><span class=\"woocommerce-Price-amount amount\"><bdi>6.00<span class=\"woocommerce-Price-currencySymbol\">&euro;<\/span><\/bdi><\/span><\/span>\n\t\t<\/div>\n\t<\/div>\n<\/div>\t\t\t\t\t\t\t<\/div>\r\n\t\t\t\t\t<div class=\"item-product col-xl-3 col-lg-3 col-md-12 col-12\">\r\n\t\t\t\t\t\t\t\t\t<div class=\"products-entry content-product1 clearfix product-wapper\">\n\t<div class=\"products-thumb\">\n\t\t\t<div class='product-lable'>\n\t\t\t\t\t\t\t\t\n\t\t\t<\/div>\n<a href=\"https:\/\/eternalandorra.pro\/interescaldes\/tienda\/interescaldes\/individuals\/motxilla-inter-escaldes\/\" class=\"woocommerce-LoopProduct-link\"><img decoding=\"async\" width=\"400\" height=\"400\" src=\"https:\/\/eternalandorra.pro\/interescaldes\/wp-content\/uploads\/2024\/07\/28-400x400.png\" class=\"fade-in lazyload wp-post-image\" alt=\"\" loading=\"eager\" \/><\/a>\t\t<div class='product-button'>\n\t\t\t<div data-title=\"A\u00f1adir al carrito\"><a rel=\"nofollow\"  href=\"https:\/\/eternalandorra.pro\/interescaldes\/tienda\/interescaldes\/individuals\/motxilla-inter-escaldes\/\" data-quantity=\"1\" data-product_id=\"35001\" data-product_sku=\"\" class=\"button product_type_simple add_to_cart_button\">A\u00f1adir al carrito<\/a><\/div>\t\t<\/div>\n\t\t\t<\/div>\n\t<div class=\"products-content\">\n\t\t<div class=\"contents\">\n\t\t\t\t\t\t<div class=\"rating none\">\n\t\t\t<div class=\"star-rating none\"><\/div>\n\t\t\t<div class=\"review-count\">\n\t\t\t\t(0 review)\n\t\t\t<\/div>\n\t\t<\/div>\n\t\t\t\t<h3 class=\"product-title\"><a href=\"https:\/\/eternalandorra.pro\/interescaldes\/tienda\/interescaldes\/individuals\/motxilla-inter-escaldes\/\">Motxilla Inter Escaldes<\/a><\/h3>\n\t\t\t\n\t<span class=\"price\"><span class=\"woocommerce-Price-amount amount\"><bdi>16.00<span class=\"woocommerce-Price-currencySymbol\">&euro;<\/span><\/bdi><\/span><\/span>\n\t\t<\/div>\n\t<\/div>\n<\/div>\t\t\t\t\t\t\t<\/div>\r\n\t\t\t\t\t<div class=\"item-product col-xl-3 col-lg-3 col-md-12 col-12\">\r\n\t\t\t\t\t\t\t\t\t<div class=\"products-entry content-product1 clearfix product-wapper\">\n\t<div class=\"products-thumb\">\n\t\t\t<div class='product-lable'>\n\t\t\t\t\t\t\t\t\n\t\t\t<\/div>\n<a href=\"https:\/\/eternalandorra.pro\/interescaldes\/tienda\/interescaldes\/individuals\/pantalo-joc-inter-escaldes\/\" class=\"woocommerce-LoopProduct-link\"><img decoding=\"async\" width=\"400\" height=\"400\" src=\"https:\/\/eternalandorra.pro\/interescaldes\/wp-content\/uploads\/2024\/07\/21-400x400.png\" class=\"fade-in lazyload wp-post-image\" alt=\"\" loading=\"eager\" \/><\/a>\t\t<div class='product-button'>\n\t\t\t<div data-title=\"A\u00f1adir al carrito\"><a rel=\"nofollow\"  href=\"https:\/\/eternalandorra.pro\/interescaldes\/tienda\/interescaldes\/individuals\/pantalo-joc-inter-escaldes\/\" data-quantity=\"1\" data-product_id=\"35002\" data-product_sku=\"\" class=\"button product_type_simple add_to_cart_button\">A\u00f1adir al carrito<\/a><\/div>\t\t<\/div>\n\t\t\t<\/div>\n\t<div class=\"products-content\">\n\t\t<div class=\"contents\">\n\t\t\t\t\t\t<div class=\"rating none\">\n\t\t\t<div class=\"star-rating none\"><\/div>\n\t\t\t<div class=\"review-count\">\n\t\t\t\t(0 review)\n\t\t\t<\/div>\n\t\t<\/div>\n\t\t\t\t<h3 class=\"product-title\"><a href=\"https:\/\/eternalandorra.pro\/interescaldes\/tienda\/interescaldes\/individuals\/pantalo-joc-inter-escaldes\/\">Pantal\u00f3 Joc Inter Escaldes<\/a><\/h3>\n\t\t\t\n\t<span class=\"price\"><span class=\"woocommerce-Price-amount amount\"><bdi>12.00<span class=\"woocommerce-Price-currencySymbol\">&euro;<\/span><\/bdi><\/span><\/span>\n\t\t<\/div>\n\t<\/div>\n<\/div>\t\t\t\t\t\t\t<\/div>\r\n\t\t\t\t\t<div class=\"item-product col-xl-3 col-lg-3 col-md-12 col-12\">\r\n\t\t\t\t\t\t\t\t\t<div class=\"products-entry content-product1 clearfix product-wapper\">\n\t<div class=\"products-thumb\">\n\t\t\t<div class='product-lable'>\n\t\t\t\t\t\t\t\t\n\t\t\t<\/div>\n<a href=\"https:\/\/eternalandorra.pro\/interescaldes\/tienda\/interescaldes\/individuals\/pantalons-termics-inter-escaldes\/\" class=\"woocommerce-LoopProduct-link\"><img decoding=\"async\" width=\"400\" height=\"400\" src=\"https:\/\/eternalandorra.pro\/interescaldes\/wp-content\/uploads\/2024\/07\/29-1-400x400.png\" class=\"fade-in lazyload wp-post-image\" alt=\"\" loading=\"eager\" \/><\/a>\t\t<div class='product-button'>\n\t\t\t<div data-title=\"A\u00f1adir al carrito\"><a rel=\"nofollow\"  href=\"https:\/\/eternalandorra.pro\/interescaldes\/tienda\/interescaldes\/individuals\/pantalons-termics-inter-escaldes\/\" data-quantity=\"1\" data-product_id=\"35003\" data-product_sku=\"\" class=\"button product_type_simple add_to_cart_button\">A\u00f1adir al carrito<\/a><\/div>\t\t<\/div>\n\t\t\t<\/div>\n\t<div class=\"products-content\">\n\t\t<div class=\"contents\">\n\t\t\t\t\t\t<div class=\"rating none\">\n\t\t\t<div class=\"star-rating none\"><\/div>\n\t\t\t<div class=\"review-count\">\n\t\t\t\t(0 review)\n\t\t\t<\/div>\n\t\t<\/div>\n\t\t\t\t<h3 class=\"product-title\"><a href=\"https:\/\/eternalandorra.pro\/interescaldes\/tienda\/interescaldes\/individuals\/pantalons-termics-inter-escaldes\/\">Pantalons T\u00e8rmics Inter Escaldes<\/a><\/h3>\n\t\t\t\n\t<span class=\"price\"><span class=\"woocommerce-Price-amount amount\"><bdi>22.00<span class=\"woocommerce-Price-currencySymbol\">&euro;<\/span><\/bdi><\/span><\/span>\n\t\t<\/div>\n\t<\/div>\n<\/div>\t\t\t\t\t\t\t<\/div>\r\n\t\t\t\t\t<div class=\"item-product col-xl-3 col-lg-3 col-md-12 col-12\">\r\n\t\t\t\t\t\t\t\t\t<div class=\"products-entry content-product1 clearfix product-wapper\">\n\t<div class=\"products-thumb\">\n\t\t\t<div class='product-lable'>\n\t\t\t\t\t\t\t\t\n\t\t\t<\/div>\n<a href=\"https:\/\/eternalandorra.pro\/interescaldes\/tienda\/interescaldes\/individuals\/samarreta-termica-inter-escaldes\/\" class=\"woocommerce-LoopProduct-link\"><img decoding=\"async\" width=\"400\" height=\"400\" src=\"https:\/\/eternalandorra.pro\/interescaldes\/wp-content\/uploads\/2024\/07\/28-1-400x400.png\" class=\"fade-in lazyload wp-post-image\" alt=\"\" loading=\"eager\" \/><\/a>\t\t<div class='product-button'>\n\t\t\t<div data-title=\"A\u00f1adir al carrito\"><a rel=\"nofollow\"  href=\"https:\/\/eternalandorra.pro\/interescaldes\/tienda\/interescaldes\/individuals\/samarreta-termica-inter-escaldes\/\" data-quantity=\"1\" data-product_id=\"35006\" data-product_sku=\"\" class=\"button product_type_simple add_to_cart_button\">A\u00f1adir al carrito<\/a><\/div>\t\t<\/div>\n\t\t\t<\/div>\n\t<div class=\"products-content\">\n\t\t<div class=\"contents\">\n\t\t\t\t\t\t<div class=\"rating none\">\n\t\t\t<div class=\"star-rating none\"><\/div>\n\t\t\t<div class=\"review-count\">\n\t\t\t\t(0 review)\n\t\t\t<\/div>\n\t\t<\/div>\n\t\t\t\t<h3 class=\"product-title\"><a href=\"https:\/\/eternalandorra.pro\/interescaldes\/tienda\/interescaldes\/individuals\/samarreta-termica-inter-escaldes\/\">Samarreta T\u00e8rmica Inter Escaldes<\/a><\/h3>\n\t\t\t\n\t<span class=\"price\"><span class=\"woocommerce-Price-amount amount\"><bdi>22.00<span class=\"woocommerce-Price-currencySymbol\">&euro;<\/span><\/bdi><\/span><\/span>\n\t\t<\/div>\n\t<\/div>\n<\/div>\t\t\t\t\t\t\t<\/div>\r\n\t\t\t\t\t<div class=\"item-product col-xl-3 col-lg-3 col-md-12 col-12\">\r\n\t\t\t\t\t\t\t\t\t<div class=\"products-entry content-product1 clearfix product-wapper\">\n\t<div class=\"products-thumb\">\n\t\t\t<div class='product-lable'>\n\t\t\t\t\t\t\t\t\n\t\t\t<\/div>\n<a href=\"https:\/\/eternalandorra.pro\/interescaldes\/tienda\/interescaldes\/individuals\/sudadera-blava-inter-escaldes\/\" class=\"woocommerce-LoopProduct-link\"><img decoding=\"async\" width=\"400\" height=\"400\" src=\"https:\/\/eternalandorra.pro\/interescaldes\/wp-content\/uploads\/2024\/07\/TECNI-FYT-6-400x400.jpg\" class=\"fade-in lazyload wp-post-image\" alt=\"\" loading=\"eager\" \/><\/a>\t\t<div class='product-button'>\n\t\t\t<div data-title=\"A\u00f1adir al carrito\"><a rel=\"nofollow\"  href=\"https:\/\/eternalandorra.pro\/interescaldes\/tienda\/interescaldes\/individuals\/sudadera-blava-inter-escaldes\/\" data-quantity=\"1\" data-product_id=\"35008\" data-product_sku=\"\" class=\"button product_type_simple add_to_cart_button\">A\u00f1adir al carrito<\/a><\/div>\t\t<\/div>\n\t\t\t<\/div>\n\t<div class=\"products-content\">\n\t\t<div class=\"contents\">\n\t\t\t\t\t\t<div class=\"rating none\">\n\t\t\t<div class=\"star-rating none\"><\/div>\n\t\t\t<div class=\"review-count\">\n\t\t\t\t(0 review)\n\t\t\t<\/div>\n\t\t<\/div>\n\t\t\t\t<h3 class=\"product-title\"><a href=\"https:\/\/eternalandorra.pro\/interescaldes\/tienda\/interescaldes\/individuals\/sudadera-blava-inter-escaldes\/\">Sudadera Blava Inter Escaldes<\/a><\/h3>\n\t\t\t\n\t<span class=\"price\"><span class=\"woocommerce-Price-amount amount\"><bdi>20.00<span class=\"woocommerce-Price-currencySymbol\">&euro;<\/span><\/bdi><\/span><\/span>\n\t\t<\/div>\n\t<\/div>\n<\/div>\t\t\t\t\t\t\t<\/div>\r\n\t\t\t\t\t<div class=\"item-product col-xl-3 col-lg-3 col-md-12 col-12\">\r\n\t\t\t\t\t\t\t\t\t<div class=\"products-entry content-product1 clearfix product-wapper\">\n\t<div class=\"products-thumb\">\n\t\t\t<div class='product-lable'>\n\t\t\t\t\t\t\t\t\n\t\t\t<\/div>\n<a href=\"https:\/\/eternalandorra.pro\/interescaldes\/tienda\/interescaldes\/individuals\/tovallola-inter-escaldes\/\" class=\"woocommerce-LoopProduct-link\"><img decoding=\"async\" width=\"400\" height=\"400\" src=\"https:\/\/eternalandorra.pro\/interescaldes\/wp-content\/uploads\/2024\/07\/35-400x400.jpg\" class=\"fade-in lazyload wp-post-image\" alt=\"\" loading=\"eager\" \/><\/a>\t\t<div class='product-button'>\n\t\t\t<div data-title=\"A\u00f1adir al carrito\"><a rel=\"nofollow\"  href=\"https:\/\/eternalandorra.pro\/interescaldes\/tienda\/interescaldes\/individuals\/tovallola-inter-escaldes\/\" data-quantity=\"1\" data-product_id=\"35009\" data-product_sku=\"\" class=\"button product_type_simple add_to_cart_button\">A\u00f1adir al carrito<\/a><\/div>\t\t<\/div>\n\t\t\t<\/div>\n\t<div class=\"products-content\">\n\t\t<div class=\"contents\">\n\t\t\t\t\t\t<div class=\"rating none\">\n\t\t\t<div class=\"star-rating none\"><\/div>\n\t\t\t<div class=\"review-count\">\n\t\t\t\t(0 review)\n\t\t\t<\/div>\n\t\t<\/div>\n\t\t\t\t<h3 class=\"product-title\"><a href=\"https:\/\/eternalandorra.pro\/interescaldes\/tienda\/interescaldes\/individuals\/tovallola-inter-escaldes\/\">Tovallola Inter Escaldes<\/a><\/h3>\n\t\t\t\n\t<span class=\"price\"><span class=\"woocommerce-Price-amount amount\"><bdi>15.00<span class=\"woocommerce-Price-currencySymbol\">&euro;<\/span><\/bdi><\/span><\/span>\n\t\t<\/div>\n\t<\/div>\n<\/div>\t\t\t\t\t\t\t<\/div>\r\n\t\t\t\t\t<div class=\"item-product col-xl-3 col-lg-3 col-md-12 col-12\">\r\n\t\t\t\t\t\t\t\t\t<div class=\"products-entry content-product1 clearfix product-wapper\">\n\t<div class=\"products-thumb\">\n\t\t\t<div class='product-lable'>\n\t\t\t\t\t\t\t\t\n\t\t\t<\/div>\n<a href=\"https:\/\/eternalandorra.pro\/interescaldes\/tienda\/interescaldes\/individuals\/xandall-blau-inter-escaldes\/\" class=\"woocommerce-LoopProduct-link\"><img decoding=\"async\" width=\"400\" height=\"400\" src=\"https:\/\/eternalandorra.pro\/interescaldes\/wp-content\/uploads\/2024\/07\/25-400x400.png\" class=\"fade-in lazyload wp-post-image\" alt=\"\" loading=\"eager\" \/><\/a>\t\t<div class='product-button'>\n\t\t\t<div data-title=\"A\u00f1adir al carrito\"><a rel=\"nofollow\"  href=\"https:\/\/eternalandorra.pro\/interescaldes\/tienda\/interescaldes\/individuals\/xandall-blau-inter-escaldes\/\" data-quantity=\"1\" data-product_id=\"35011\" data-product_sku=\"\" class=\"button product_type_simple add_to_cart_button\">A\u00f1adir al carrito<\/a><\/div>\t\t<\/div>\n\t\t\t<\/div>\n\t<div class=\"products-content\">\n\t\t<div class=\"contents\">\n\t\t\t\t\t\t<div class=\"rating none\">\n\t\t\t<div class=\"star-rating none\"><\/div>\n\t\t\t<div class=\"review-count\">\n\t\t\t\t(0 review)\n\t\t\t<\/div>\n\t\t<\/div>\n\t\t\t\t<h3 class=\"product-title\"><a href=\"https:\/\/eternalandorra.pro\/interescaldes\/tienda\/interescaldes\/individuals\/xandall-blau-inter-escaldes\/\">Xandall Blau Inter Escaldes<\/a><\/h3>\n\t\t\t\n\t<span class=\"price\"><span class=\"woocommerce-Price-amount amount\"><bdi>40.00<span class=\"woocommerce-Price-currencySymbol\">&euro;<\/span><\/bdi><\/span><\/span>\n\t\t<\/div>\n\t<\/div>\n<\/div>\t\t\t\t\t\t\t<\/div>\r\n\t\t\t\t\t\t<\/div>\t\t\r\n\t<\/div>\r\n\t\t\t\t\t<\/div>\n\t\t\t\t<\/div>\n\t\t\t\t\t<\/div>\n\t\t\t\t<\/div>\n\t\t\t\t<\/div>\n\t\t","protected":false},"excerpt":{"rendered":"<p>PRODUCTOS INDIVIDUALES Todas las piezas disponibles A\u00f1adir al carrito (0 review) 1A Equipaci\u00f3 Inter Escaldes 35.00&euro; A\u00f1adir al carrito (0 review) Anorak Inter Escaldes 38.00&euro; A\u00f1adir al carrito (0 review) Bufanda Inter Escaldes 13.00&euro; A\u00f1adir al carrito (0 review) Impermeable Inter Escaldes 20.00&euro; A\u00f1adir al carrito (0 review) Mitgetes Blaves Inter Escaldes 6.00&euro; A\u00f1adir al [&hellip;]<\/p>\n","protected":false},"author":1,"featured_media":0,"parent":0,"menu_order":0,"comment_status":"closed","ping_status":"closed","template":"elementor_header_footer","meta":{"footnotes":""},"class_list":["post-35260","page","type-page","status-publish","hentry","has-post-thumbnail"],"_links":{"self":[{"href":"https:\/\/eternalandorra.pro\/interescaldes\/wp-json\/wp\/v2\/pages\/35260","targetHints":{"allow":["GET"]}}],"collection":[{"href":"https:\/\/eternalandorra.pro\/interescaldes\/wp-json\/wp\/v2\/pages"}],"about":[{"href":"https:\/\/eternalandorra.pro\/interescaldes\/wp-json\/wp\/v2\/types\/page"}],"author":[{"embeddable":true,"href":"https:\/\/eternalandorra.pro\/interescaldes\/wp-json\/wp\/v2\/users\/1"}],"replies":[{"embeddable":true,"href":"https:\/\/eternalandorra.pro\/interescaldes\/wp-json\/wp\/v2\/comments?post=35260"}],"version-history":[{"count":5,"href":"https:\/\/eternalandorra.pro\/interescaldes\/wp-json\/wp\/v2\/pages\/35260\/revisions"}],"predecessor-version":[{"id":35266,"href":"https:\/\/eternalandorra.pro\/interescaldes\/wp-json\/wp\/v2\/pages\/35260\/revisions\/35266"}],"wp:attachment":[{"href":"https:\/\/eternalandorra.pro\/interescaldes\/wp-json\/wp\/v2\/media?parent=35260"}],"curies":[{"name":"wp","href":"https:\/\/api.w.org\/{rel}","templated":true}]}}