{"id":35327,"date":"2024-07-14T11:41:55","date_gmt":"2024-07-14T11:41:55","guid":{"rendered":"https:\/\/eternalandorra.pro\/fcsantacoloma\/?post_type=product&#038;p=35327"},"modified":"2025-06-03T09:53:59","modified_gmt":"2025-06-03T09:53:59","slug":"motxilla-fc-santa-coloma","status":"publish","type":"product","link":"https:\/\/eternalandorra.pro\/fcsantacoloma\/tienda\/individuals\/motxilla-fc-santa-coloma\/","title":{"rendered":"Motxilla FC Santa Coloma"},"content":{"rendered":"","protected":false},"excerpt":{"rendered":"<div class=\"woocommerce-product-details__short-description\">\n<p><strong>Motxilla indicada per a entrenaments esportius o partits.<\/strong>\u00a0T\u2019oferir\u00e0 prou espai per guardar i organitzar tots els teus b\u00e0sics d\u2019entrenament. Amb aquesta motxilla esportiva podr\u00e0s transportar la teva equipaci\u00f3 de casa al camp i del camp a casa de manera c\u00f2moda. \u00c0mplia capacitat de 23,8 L. Entre les seves caracter\u00edstiques, compta amb un compartiment principal amb tancament de cremallera per ficar all\u00f2 que ocupa m\u00e9s espai. Incorpora una altra butxaca frontal de millor capacitat. A la part de baix, podr\u00e0s guardar les teves botes de futbol o sabatilles esportives al sabatiller independent, refor\u00e7at amb teixit resistent i que ret\u00e9 les olors perqu\u00e8 no s\u2019escapi res.<\/p>\n<p>El seu alt \u00e9s de 14 cm. D\u2019altra banda, inclou dues butxaques laterals de reixeta amb tanca el\u00e0stica per guardar i transportar l\u2019ampolla d\u2019aigua o la beguda energ\u00e8tica. L\u2019esquena i les corretges regulables estan encoixinades per proporcionar una comoditat i una durabilitat incre\u00efbles. A la part interior presenten teixit de reixeta que absorbeix la suor. Logotip Joma serigrafiat amb disseny personalitzat a la part frontal a conjunt amb la resta de detalls.<\/p>\n<\/div>\n","protected":false},"featured_media":35516,"template":"","meta":[],"product_brand":[],"product_cat":[152],"product_tag":[],"class_list":{"0":"post-35327","1":"product","2":"type-product","3":"status-publish","4":"has-post-thumbnail","6":"product_cat-individuals","9":"first","10":"instock","11":"taxable","12":"shipping-taxable","13":"purchasable","14":"product-type-simple"},"_links":{"self":[{"href":"https:\/\/eternalandorra.pro\/fcsantacoloma\/wp-json\/wp\/v2\/product\/35327","targetHints":{"allow":["GET"]}}],"collection":[{"href":"https:\/\/eternalandorra.pro\/fcsantacoloma\/wp-json\/wp\/v2\/product"}],"about":[{"href":"https:\/\/eternalandorra.pro\/fcsantacoloma\/wp-json\/wp\/v2\/types\/product"}],"wp:featuredmedia":[{"embeddable":true,"href":"https:\/\/eternalandorra.pro\/fcsantacoloma\/wp-json\/wp\/v2\/media\/35516"}],"wp:attachment":[{"href":"https:\/\/eternalandorra.pro\/fcsantacoloma\/wp-json\/wp\/v2\/media?parent=35327"}],"wp:term":[{"taxonomy":"product_brand","embeddable":true,"href":"https:\/\/eternalandorra.pro\/fcsantacoloma\/wp-json\/wp\/v2\/product_brand?post=35327"},{"taxonomy":"product_cat","embeddable":true,"href":"https:\/\/eternalandorra.pro\/fcsantacoloma\/wp-json\/wp\/v2\/product_cat?post=35327"},{"taxonomy":"product_tag","embeddable":true,"href":"https:\/\/eternalandorra.pro\/fcsantacoloma\/wp-json\/wp\/v2\/product_tag?post=35327"}],"curies":[{"name":"wp","href":"https:\/\/api.w.org\/{rel}","templated":true}]}}