{"id":35322,"date":"2024-07-14T11:34:50","date_gmt":"2024-07-14T11:34:50","guid":{"rendered":"https:\/\/eternalandorra.pro\/fcsantacoloma\/?post_type=product&#038;p=35322"},"modified":"2025-06-30T08:10:45","modified_gmt":"2025-06-30T08:10:45","slug":"anorak-fc-santa-coloma","status":"publish","type":"product","link":"https:\/\/eternalandorra.pro\/fcsantacoloma\/tienda\/individuals\/anorak-fc-santa-coloma\/","title":{"rendered":"Anorak FC Santa Coloma"},"content":{"rendered":"","protected":false},"excerpt":{"rendered":"<div class=\"woocommerce-product-details__short-description\">\n<div class=\"woocommerce-product-details__short-description\">\n<p>Dissenyat per abrigar-se als entrenaments esportius en dies de fred. Aquest anorac et mant\u00e9 c\u00f2mode i c\u00e0lid perqu\u00e8 res no et freni. Tot aix\u00f2 sense afegir pes extra perqu\u00e8 puguis moure\u2019t amb llibertat. Aquest abric incorpora tanca completa amb cremallera per posar i treure r\u00e0pidament, coll alt per protegir la zona del fred i caputxa amagada amb cordons per poder ajustar-lo i evitar l\u2019entrada de fred. Aquesta caputxa \u00e9s desmuntable.<\/p>\n<\/div>\n<form class=\"cart\" action=\"https:\/\/www.eternalandorra.com\/fcsantacoloma\/producto\/anorak-fc-santa-coloma\/\" enctype=\"multipart\/form-data\" method=\"post\">\n<div class=\"wapf\">\n<div class=\"wapf-wrapper\">\n<div class=\"wapf-field-group\" data-group=\"p_2333\">\n<div class=\"wapf-field-row\">\n<div class=\"wapf-field-container wapf-field-select\"><\/div>\n<\/div>\n<\/div>\n<\/div>\n<\/div>\n<\/form>\n<\/div>\n","protected":false},"featured_media":35509,"template":"","meta":[],"product_brand":[],"product_cat":[152],"product_tag":[],"class_list":{"0":"post-35322","1":"product","2":"type-product","3":"status-publish","4":"has-post-thumbnail","6":"product_cat-individuals","9":"first","10":"instock","11":"taxable","12":"shipping-taxable","13":"purchasable","14":"product-type-simple"},"_links":{"self":[{"href":"https:\/\/eternalandorra.pro\/fcsantacoloma\/wp-json\/wp\/v2\/product\/35322","targetHints":{"allow":["GET"]}}],"collection":[{"href":"https:\/\/eternalandorra.pro\/fcsantacoloma\/wp-json\/wp\/v2\/product"}],"about":[{"href":"https:\/\/eternalandorra.pro\/fcsantacoloma\/wp-json\/wp\/v2\/types\/product"}],"wp:featuredmedia":[{"embeddable":true,"href":"https:\/\/eternalandorra.pro\/fcsantacoloma\/wp-json\/wp\/v2\/media\/35509"}],"wp:attachment":[{"href":"https:\/\/eternalandorra.pro\/fcsantacoloma\/wp-json\/wp\/v2\/media?parent=35322"}],"wp:term":[{"taxonomy":"product_brand","embeddable":true,"href":"https:\/\/eternalandorra.pro\/fcsantacoloma\/wp-json\/wp\/v2\/product_brand?post=35322"},{"taxonomy":"product_cat","embeddable":true,"href":"https:\/\/eternalandorra.pro\/fcsantacoloma\/wp-json\/wp\/v2\/product_cat?post=35322"},{"taxonomy":"product_tag","embeddable":true,"href":"https:\/\/eternalandorra.pro\/fcsantacoloma\/wp-json\/wp\/v2\/product_tag?post=35322"}],"curies":[{"name":"wp","href":"https:\/\/api.w.org\/{rel}","templated":true}]}}