{"id":35316,"date":"2024-07-14T11:21:43","date_gmt":"2024-07-14T11:21:43","guid":{"rendered":"https:\/\/eternalandorra.pro\/fcsantacoloma\/?post_type=product&#038;p=35316"},"modified":"2025-06-03T09:56:33","modified_gmt":"2025-06-03T09:56:33","slug":"samarreta-termica-vermella-fc-santa-coloma","status":"publish","type":"product","link":"https:\/\/eternalandorra.pro\/fcsantacoloma\/tienda\/individuals\/samarreta-termica-vermella-fc-santa-coloma\/","title":{"rendered":"Samarreta T\u00e8rmica Vermella FC Santa Coloma"},"content":{"rendered":"","protected":false},"excerpt":{"rendered":"<div class=\"woocommerce-product-details__short-description\">\n<p><strong>Samarreta t\u00e8rmica de coll tancat i m\u00e0niga llarga amb obertura per al dit polze per a un ajust \u00f2ptim<\/strong>. No t\u00e9 costures per evitar fregaments. Disseny amb Jacquard per augmentar la seva transpiraci\u00f3.<\/p>\n<p>Proporciona una perfecta protecci\u00f3 i comoditat gr\u00e0cies a les seves caracter\u00edstiques d\u2019impermeabilitat i transpirabilitat contra totes les condicions meteorol\u00f2giques. Resistent a la suor, lleugera, suau i flexible. Es caracteritza per atorgar una gran llibertat de moviments, aix\u00ed com per la seva subjecci\u00f3 i confort.<\/p>\n<\/div>\n","protected":false},"featured_media":35507,"template":"","meta":[],"product_brand":[],"product_cat":[152],"product_tag":[],"class_list":{"0":"post-35316","1":"product","2":"type-product","3":"status-publish","4":"has-post-thumbnail","6":"product_cat-individuals","9":"first","10":"instock","11":"taxable","12":"shipping-taxable","13":"purchasable","14":"product-type-simple"},"_links":{"self":[{"href":"https:\/\/eternalandorra.pro\/fcsantacoloma\/wp-json\/wp\/v2\/product\/35316","targetHints":{"allow":["GET"]}}],"collection":[{"href":"https:\/\/eternalandorra.pro\/fcsantacoloma\/wp-json\/wp\/v2\/product"}],"about":[{"href":"https:\/\/eternalandorra.pro\/fcsantacoloma\/wp-json\/wp\/v2\/types\/product"}],"wp:featuredmedia":[{"embeddable":true,"href":"https:\/\/eternalandorra.pro\/fcsantacoloma\/wp-json\/wp\/v2\/media\/35507"}],"wp:attachment":[{"href":"https:\/\/eternalandorra.pro\/fcsantacoloma\/wp-json\/wp\/v2\/media?parent=35316"}],"wp:term":[{"taxonomy":"product_brand","embeddable":true,"href":"https:\/\/eternalandorra.pro\/fcsantacoloma\/wp-json\/wp\/v2\/product_brand?post=35316"},{"taxonomy":"product_cat","embeddable":true,"href":"https:\/\/eternalandorra.pro\/fcsantacoloma\/wp-json\/wp\/v2\/product_cat?post=35316"},{"taxonomy":"product_tag","embeddable":true,"href":"https:\/\/eternalandorra.pro\/fcsantacoloma\/wp-json\/wp\/v2\/product_tag?post=35316"}],"curies":[{"name":"wp","href":"https:\/\/api.w.org\/{rel}","templated":true}]}}