{"id":35856,"date":"2025-09-22T15:16:46","date_gmt":"2025-09-22T15:16:46","guid":{"rendered":"https:\/\/eternalandorra.pro\/fcsantacoloma\/?post_type=product&#038;p=35856"},"modified":"2025-09-22T15:18:07","modified_gmt":"2025-09-22T15:18:07","slug":"pantalons-termics-negres-fc-santa-coloma","status":"publish","type":"product","link":"https:\/\/eternalandorra.pro\/fcsantacoloma\/ca\/tienda\/individuals\/pantalons-termics-negres-fc-santa-coloma\/","title":{"rendered":"Pantalons T\u00e8rmics Negres FC Santa Coloma"},"content":{"rendered":"","protected":false},"excerpt":{"rendered":"<div class=\"woocommerce-product-details__short-description\">\n<p><strong>Malla llarga<\/strong>\u00a0que proporciona una perfecta protecci\u00f3 i comoditat gr\u00e0cies a les seves caracter\u00edstiques d\u2019impermeabilitat i transpirabilitat contra totes les condicions meteorol\u00f2giques. Resistent a la suor, lleugera, suau i flexible. Es caracteritza per atorgar una gran llibertat de moviments, aix\u00ed com subjecci\u00f3 i confort.<\/p>\n<\/div>","protected":false},"featured_media":35857,"template":"","meta":[],"product_brand":[],"product_cat":[152],"product_tag":[],"class_list":{"0":"post-35856","1":"product","2":"type-product","3":"status-publish","4":"has-post-thumbnail","6":"product_cat-individuals","9":"first","10":"instock","11":"taxable","12":"shipping-taxable","13":"purchasable","14":"product-type-simple"},"_links":{"self":[{"href":"https:\/\/eternalandorra.pro\/fcsantacoloma\/ca\/wp-json\/wp\/v2\/product\/35856","targetHints":{"allow":["GET"]}}],"collection":[{"href":"https:\/\/eternalandorra.pro\/fcsantacoloma\/ca\/wp-json\/wp\/v2\/product"}],"about":[{"href":"https:\/\/eternalandorra.pro\/fcsantacoloma\/ca\/wp-json\/wp\/v2\/types\/product"}],"wp:featuredmedia":[{"embeddable":true,"href":"https:\/\/eternalandorra.pro\/fcsantacoloma\/ca\/wp-json\/wp\/v2\/media\/35857"}],"wp:attachment":[{"href":"https:\/\/eternalandorra.pro\/fcsantacoloma\/ca\/wp-json\/wp\/v2\/media?parent=35856"}],"wp:term":[{"taxonomy":"product_brand","embeddable":true,"href":"https:\/\/eternalandorra.pro\/fcsantacoloma\/ca\/wp-json\/wp\/v2\/product_brand?post=35856"},{"taxonomy":"product_cat","embeddable":true,"href":"https:\/\/eternalandorra.pro\/fcsantacoloma\/ca\/wp-json\/wp\/v2\/product_cat?post=35856"},{"taxonomy":"product_tag","embeddable":true,"href":"https:\/\/eternalandorra.pro\/fcsantacoloma\/ca\/wp-json\/wp\/v2\/product_tag?post=35856"}],"curies":[{"name":"wp","href":"https:\/\/api.w.org\/{rel}","templated":true}]}}