{"id":35368,"date":"2024-10-20T10:04:06","date_gmt":"2024-10-20T10:04:06","guid":{"rendered":"https:\/\/eternalandorra.pro\/fcordino\/?page_id=35368"},"modified":"2024-11-26T06:00:57","modified_gmt":"2024-11-26T06:00:57","slug":"productos","status":"publish","type":"page","link":"https:\/\/eternalandorra.pro\/fcordino\/es\/productos\/","title":{"rendered":"Productos"},"content":{"rendered":"\t\t<div data-elementor-type=\"wp-page\" data-elementor-id=\"35368\" class=\"elementor elementor-35368\" data-elementor-post-type=\"page\">\n\t\t\t\t<div class=\"elementor-element elementor-element-445f519 e-flex e-con-boxed e-con e-parent\" data-id=\"445f519\" data-element_type=\"container\">\n\t\t\t\t\t<div class=\"e-con-inner\">\n\t\t<div class=\"elementor-element elementor-element-73aa279 e-con-full e-flex e-con e-child\" data-id=\"73aa279\" data-element_type=\"container\">\n\t\t\t\t<div class=\"elementor-element elementor-element-2d51074 elementor-widget elementor-widget-heading\" data-id=\"2d51074\" data-element_type=\"widget\" data-widget_type=\"heading.default\">\n\t\t\t\t<div class=\"elementor-widget-container\">\n\t\t\t\t\t<h2 class=\"elementor-heading-title elementor-size-default\">PRODUCTOS INDIVIDUALES<\/h2>\t\t\t\t<\/div>\n\t\t\t\t<\/div>\n\t\t\t\t<div class=\"elementor-element elementor-element-e4dc8b7 elementor-widget elementor-widget-heading\" data-id=\"e4dc8b7\" data-element_type=\"widget\" data-widget_type=\"heading.default\">\n\t\t\t\t<div class=\"elementor-widget-container\">\n\t\t\t\t\t<h2 class=\"elementor-heading-title elementor-size-default\">Todos los packs disponibles<\/h2>\t\t\t\t<\/div>\n\t\t\t\t<\/div>\n\t\t\t\t<div class=\"elementor-element elementor-element-d294603 elementor-widget-divider--view-line elementor-widget elementor-widget-divider\" data-id=\"d294603\" data-element_type=\"widget\" data-widget_type=\"divider.default\">\n\t\t\t\t<div class=\"elementor-widget-container\">\n\t\t\t\t\t\t\t<div class=\"elementor-divider\">\n\t\t\t<span class=\"elementor-divider-separator\">\n\t\t\t\t\t\t<\/span>\n\t\t<\/div>\n\t\t\t\t\t\t<\/div>\n\t\t\t\t<\/div>\n\t\t\t\t<div class=\"elementor-element elementor-element-79898fe elementor-widget elementor-widget-bwp_product_list\" data-id=\"79898fe\" data-element_type=\"widget\" data-widget_type=\"bwp_product_list.default\">\n\t\t\t\t<div class=\"elementor-widget-container\">\n\t\t\t\t\t\r\n\t<div id=\"bwp_default_4762581841776387895\" class=\"bwp_product_list default\">\r\n\t\t\t\t<div class=\"content products-list grid row\">\t\r\n\t\t\t\t\t<div class=\"item-product col-xl-3 col-lg-3 col-md-12 col-12\">\r\n\t\t\t\t\t\t\t\t\t<div class=\"products-entry content-product1 clearfix product-wapper\">\n\t<div class=\"products-thumb\">\n\t\t\t<div class='product-lable'>\n\t\t\t\t\t\t\t\t\n\t\t\t<\/div>\n<a href=\"https:\/\/eternalandorra.pro\/fcordino\/tienda\/individuals\/impermeable-fc-ordino\/\" class=\"woocommerce-LoopProduct-link\"><img fetchpriority=\"high\" decoding=\"async\" width=\"400\" height=\"400\" src=\"https:\/\/eternalandorra.pro\/fcordino\/wp-content\/uploads\/2024\/07\/66-1-400x400.jpg\" class=\"fade-in lazyload wp-post-image\" alt=\"\" loading=\"eager\" \/><\/a>\t\t<div class='product-button'>\n\t\t\t<div data-title=\"A\u00f1adir al carrito\"><a rel=\"nofollow\"  href=\"https:\/\/eternalandorra.pro\/fcordino\/tienda\/individuals\/impermeable-fc-ordino\/\" data-quantity=\"1\" data-product_id=\"35238\" data-product_sku=\"\" class=\"button product_type_simple add_to_cart_button\">A\u00f1adir al carrito<\/a><\/div>\t\t<\/div>\n\t\t\t<\/div>\n\t<div class=\"products-content\">\n\t\t<div class=\"contents\">\n\t\t\t\t\t\t<div class=\"rating none\">\n\t\t\t<div class=\"star-rating none\"><\/div>\n\t\t\t<div class=\"review-count\">\n\t\t\t\t(0 review)\n\t\t\t<\/div>\n\t\t<\/div>\n\t\t\t\t<h3 class=\"product-title\"><a href=\"https:\/\/eternalandorra.pro\/fcordino\/tienda\/individuals\/impermeable-fc-ordino\/\">Impermeable FC Ordino<\/a><\/h3>\n\t\t\t\n\t<span class=\"price\"><span class=\"woocommerce-Price-amount amount\"><bdi>18.00<span class=\"woocommerce-Price-currencySymbol\">&euro;<\/span><\/bdi><\/span><\/span>\n\t\t<\/div>\n\t<\/div>\n<\/div>\t\t\t\t\t\t\t<\/div>\r\n\t\t\t\t\t<div class=\"item-product col-xl-3 col-lg-3 col-md-12 col-12\">\r\n\t\t\t\t\t\t\t\t\t<div class=\"products-entry content-product1 clearfix product-wapper\">\n\t<div class=\"products-thumb\">\n\t\t\t<div class='product-lable'>\n\t\t\t\t\t\t\t\t\n\t\t\t<\/div>\n<a href=\"https:\/\/eternalandorra.pro\/fcordino\/tienda\/individuals\/anorak-fc-ordino\/\" class=\"woocommerce-LoopProduct-link\"><img decoding=\"async\" width=\"400\" height=\"400\" src=\"https:\/\/eternalandorra.pro\/fcordino\/wp-content\/uploads\/2024\/07\/70-400x400.jpg\" class=\"fade-in lazyload wp-post-image\" alt=\"\" loading=\"eager\" \/><\/a>\t\t<div class='product-button'>\n\t\t\t<div data-title=\"A\u00f1adir al carrito\"><a rel=\"nofollow\"  href=\"https:\/\/eternalandorra.pro\/fcordino\/tienda\/individuals\/anorak-fc-ordino\/\" data-quantity=\"1\" data-product_id=\"35259\" data-product_sku=\"\" class=\"button product_type_simple add_to_cart_button\">A\u00f1adir al carrito<\/a><\/div>\t\t<\/div>\n\t\t\t<\/div>\n\t<div class=\"products-content\">\n\t\t<div class=\"contents\">\n\t\t\t\t\t\t<div class=\"rating none\">\n\t\t\t<div class=\"star-rating none\"><\/div>\n\t\t\t<div class=\"review-count\">\n\t\t\t\t(0 review)\n\t\t\t<\/div>\n\t\t<\/div>\n\t\t\t\t<h3 class=\"product-title\"><a href=\"https:\/\/eternalandorra.pro\/fcordino\/tienda\/individuals\/anorak-fc-ordino\/\">Anorak FC Ordino<\/a><\/h3>\n\t\t\t\n\t<span class=\"price\"><span class=\"woocommerce-Price-amount amount\"><bdi>40.00<span class=\"woocommerce-Price-currencySymbol\">&euro;<\/span><\/bdi><\/span><\/span>\n\t\t<\/div>\n\t<\/div>\n<\/div>\t\t\t\t\t\t\t<\/div>\r\n\t\t\t\t\t<div class=\"item-product col-xl-3 col-lg-3 col-md-12 col-12\">\r\n\t\t\t\t\t\t\t\t\t<div class=\"products-entry content-product1 clearfix product-wapper\">\n\t<div class=\"products-thumb\">\n\t\t\t<div class='product-lable'>\n\t\t\t\t\t\t\t\t\n\t\t\t<\/div>\n<a href=\"https:\/\/eternalandorra.pro\/fcordino\/tienda\/individuals\/dessuadora-fc-ordino\/\" class=\"woocommerce-LoopProduct-link\"><img decoding=\"async\" width=\"400\" height=\"400\" src=\"https:\/\/eternalandorra.pro\/fcordino\/wp-content\/uploads\/2024\/07\/TECNI-FYT-1-400x400.jpg\" class=\"fade-in lazyload wp-post-image\" alt=\"\" loading=\"eager\" \/><\/a>\t\t<div class='product-button'>\n\t\t\t<div data-title=\"A\u00f1adir al carrito\"><a rel=\"nofollow\"  href=\"https:\/\/eternalandorra.pro\/fcordino\/tienda\/individuals\/dessuadora-fc-ordino\/\" data-quantity=\"1\" data-product_id=\"35295\" data-product_sku=\"\" class=\"button product_type_simple add_to_cart_button\">A\u00f1adir al carrito<\/a><\/div>\t\t<\/div>\n\t\t\t<\/div>\n\t<div class=\"products-content\">\n\t\t<div class=\"contents\">\n\t\t\t\t\t\t<div class=\"rating none\">\n\t\t\t<div class=\"star-rating none\"><\/div>\n\t\t\t<div class=\"review-count\">\n\t\t\t\t(0 review)\n\t\t\t<\/div>\n\t\t<\/div>\n\t\t\t\t<h3 class=\"product-title\"><a href=\"https:\/\/eternalandorra.pro\/fcordino\/tienda\/individuals\/dessuadora-fc-ordino\/\">Dessuadora FC Ordino<\/a><\/h3>\n\t\t\t\n\t<span class=\"price\"><span class=\"woocommerce-Price-amount amount\"><bdi>25.00<span class=\"woocommerce-Price-currencySymbol\">&euro;<\/span><\/bdi><\/span><\/span>\n\t\t<\/div>\n\t<\/div>\n<\/div>\t\t\t\t\t\t\t<\/div>\r\n\t\t\t\t\t<div class=\"item-product col-xl-3 col-lg-3 col-md-12 col-12\">\r\n\t\t\t\t\t\t\t\t\t<div class=\"products-entry content-product1 clearfix product-wapper\">\n\t<div class=\"products-thumb\">\n\t\t\t<div class='product-lable'>\n\t\t\t\t\t\t\t\t\n\t\t\t<\/div>\n<a href=\"https:\/\/eternalandorra.pro\/fcordino\/tienda\/individuals\/mitgetes-verds-fc-ordino\/\" class=\"woocommerce-LoopProduct-link\"><img decoding=\"async\" width=\"400\" height=\"400\" src=\"https:\/\/eternalandorra.pro\/fcordino\/wp-content\/uploads\/2024\/07\/63-400x400.jpg\" class=\"fade-in lazyload wp-post-image\" alt=\"\" loading=\"eager\" \/><\/a>\t\t<div class='product-button'>\n\t\t\t<div data-title=\"A\u00f1adir al carrito\"><a rel=\"nofollow\"  href=\"https:\/\/eternalandorra.pro\/fcordino\/tienda\/individuals\/mitgetes-verds-fc-ordino\/\" data-quantity=\"1\" data-product_id=\"35299\" data-product_sku=\"\" class=\"button product_type_simple add_to_cart_button\">A\u00f1adir al carrito<\/a><\/div>\t\t<\/div>\n\t\t\t<\/div>\n\t<div class=\"products-content\">\n\t\t<div class=\"contents\">\n\t\t\t\t\t\t<div class=\"rating none\">\n\t\t\t<div class=\"star-rating none\"><\/div>\n\t\t\t<div class=\"review-count\">\n\t\t\t\t(0 review)\n\t\t\t<\/div>\n\t\t<\/div>\n\t\t\t\t<h3 class=\"product-title\"><a href=\"https:\/\/eternalandorra.pro\/fcordino\/tienda\/individuals\/mitgetes-verds-fc-ordino\/\">Mitgetes Verds FC Ordino<\/a><\/h3>\n\t\t\t\n\t<span class=\"price\"><span class=\"woocommerce-Price-amount amount\"><bdi>6.00<span class=\"woocommerce-Price-currencySymbol\">&euro;<\/span><\/bdi><\/span><\/span>\n\t\t<\/div>\n\t<\/div>\n<\/div>\t\t\t\t\t\t\t<\/div>\r\n\t\t\t\t\t<div class=\"item-product col-xl-3 col-lg-3 col-md-12 col-12\">\r\n\t\t\t\t\t\t\t\t\t<div class=\"products-entry content-product1 clearfix product-wapper\">\n\t<div class=\"products-thumb\">\n\t\t\t<div class='product-lable'>\n\t\t\t\t\t\t\t\t\n\t\t\t<\/div>\n<a href=\"https:\/\/eternalandorra.pro\/fcordino\/tienda\/individuals\/mitgetes-fucsia-fc-ordino\/\" class=\"woocommerce-LoopProduct-link\"><img decoding=\"async\" width=\"400\" height=\"400\" src=\"https:\/\/eternalandorra.pro\/fcordino\/wp-content\/uploads\/2024\/07\/67-1-400x400.jpg\" class=\"fade-in lazyload wp-post-image\" alt=\"\" loading=\"eager\" \/><\/a>\t\t<div class='product-button'>\n\t\t\t<div data-title=\"A\u00f1adir al carrito\"><a rel=\"nofollow\"  href=\"https:\/\/eternalandorra.pro\/fcordino\/tienda\/individuals\/mitgetes-fucsia-fc-ordino\/\" data-quantity=\"1\" data-product_id=\"35300\" data-product_sku=\"\" class=\"button product_type_simple add_to_cart_button\">A\u00f1adir al carrito<\/a><\/div>\t\t<\/div>\n\t\t\t<\/div>\n\t<div class=\"products-content\">\n\t\t<div class=\"contents\">\n\t\t\t\t\t\t<div class=\"rating none\">\n\t\t\t<div class=\"star-rating none\"><\/div>\n\t\t\t<div class=\"review-count\">\n\t\t\t\t(0 review)\n\t\t\t<\/div>\n\t\t<\/div>\n\t\t\t\t<h3 class=\"product-title\"><a href=\"https:\/\/eternalandorra.pro\/fcordino\/tienda\/individuals\/mitgetes-fucsia-fc-ordino\/\">Mitgetes Fucsia FC Ordino<\/a><\/h3>\n\t\t\t\n\t<span class=\"price\"><span class=\"woocommerce-Price-amount amount\"><bdi>6.00<span class=\"woocommerce-Price-currencySymbol\">&euro;<\/span><\/bdi><\/span><\/span>\n\t\t<\/div>\n\t<\/div>\n<\/div>\t\t\t\t\t\t\t<\/div>\r\n\t\t\t\t\t<div class=\"item-product col-xl-3 col-lg-3 col-md-12 col-12\">\r\n\t\t\t\t\t\t\t\t\t<div class=\"products-entry content-product1 clearfix product-wapper\">\n\t<div class=\"products-thumb\">\n\t\t\t<div class='product-lable'>\n\t\t\t\t\t\t\t\t\n\t\t\t<\/div>\n<a href=\"https:\/\/eternalandorra.pro\/fcordino\/tienda\/individuals\/motxilla-fc-ordino\/\" class=\"woocommerce-LoopProduct-link\"><img decoding=\"async\" width=\"400\" height=\"400\" src=\"https:\/\/eternalandorra.pro\/fcordino\/wp-content\/uploads\/2024\/07\/67-400x400.jpg\" class=\"fade-in lazyload wp-post-image\" alt=\"\" loading=\"eager\" \/><\/a>\t\t<div class='product-button'>\n\t\t\t<div data-title=\"Afegeix a la cistella\"><a rel=\"nofollow\"  href=\"\/fcordino\/wp-json\/wp\/v2\/pages\/35368?add-to-cart=35301\" data-quantity=\"1\" data-product_id=\"35301\" data-product_sku=\"\" class=\"button product_type_simple add_to_cart_button ajax_add_to_cart\">Afegeix a la cistella<\/a><\/div>\t\t<\/div>\n\t\t\t<\/div>\n\t<div class=\"products-content\">\n\t\t<div class=\"contents\">\n\t\t\t\t\t\t<div class=\"rating none\">\n\t\t\t<div class=\"star-rating none\"><\/div>\n\t\t\t<div class=\"review-count\">\n\t\t\t\t(0 review)\n\t\t\t<\/div>\n\t\t<\/div>\n\t\t\t\t<h3 class=\"product-title\"><a href=\"https:\/\/eternalandorra.pro\/fcordino\/tienda\/individuals\/motxilla-fc-ordino\/\">Motxilla FC Ordino<\/a><\/h3>\n\t\t\t\n\t<span class=\"price\"><span class=\"woocommerce-Price-amount amount\"><bdi>18.00<span class=\"woocommerce-Price-currencySymbol\">&euro;<\/span><\/bdi><\/span><\/span>\n\t\t<\/div>\n\t<\/div>\n<\/div>\t\t\t\t\t\t\t<\/div>\r\n\t\t\t\t\t<div class=\"item-product col-xl-3 col-lg-3 col-md-12 col-12\">\r\n\t\t\t\t\t\t\t\t\t<div class=\"products-entry content-product1 clearfix product-wapper\">\n\t<div class=\"products-thumb\">\n\t\t\t<div class='product-lable'>\n\t\t\t\t\t\t\t\t\n\t\t\t<\/div>\n<a href=\"https:\/\/eternalandorra.pro\/fcordino\/tienda\/individuals\/pantalo-llarg-termic-fc-ordino\/\" class=\"woocommerce-LoopProduct-link\"><img decoding=\"async\" width=\"400\" height=\"400\" src=\"https:\/\/eternalandorra.pro\/fcordino\/wp-content\/uploads\/2024\/07\/72-400x400.jpg\" class=\"fade-in lazyload wp-post-image\" alt=\"\" loading=\"eager\" \/><\/a>\t\t<div class='product-button'>\n\t\t\t<div data-title=\"A\u00f1adir al carrito\"><a rel=\"nofollow\"  href=\"https:\/\/eternalandorra.pro\/fcordino\/tienda\/individuals\/pantalo-llarg-termic-fc-ordino\/\" data-quantity=\"1\" data-product_id=\"35302\" data-product_sku=\"\" class=\"button product_type_simple add_to_cart_button\">A\u00f1adir al carrito<\/a><\/div>\t\t<\/div>\n\t\t\t<\/div>\n\t<div class=\"products-content\">\n\t\t<div class=\"contents\">\n\t\t\t\t\t\t<div class=\"rating none\">\n\t\t\t<div class=\"star-rating none\"><\/div>\n\t\t\t<div class=\"review-count\">\n\t\t\t\t(0 review)\n\t\t\t<\/div>\n\t\t<\/div>\n\t\t\t\t<h3 class=\"product-title\"><a href=\"https:\/\/eternalandorra.pro\/fcordino\/tienda\/individuals\/pantalo-llarg-termic-fc-ordino\/\">Pantal\u00f3 Llarg T\u00e8rmic FC Ordino<\/a><\/h3>\n\t\t\t\n\t<span class=\"price\"><span class=\"woocommerce-Price-amount amount\"><bdi>22.00<span class=\"woocommerce-Price-currencySymbol\">&euro;<\/span><\/bdi><\/span><\/span>\n\t\t<\/div>\n\t<\/div>\n<\/div>\t\t\t\t\t\t\t<\/div>\r\n\t\t\t\t\t<div class=\"item-product col-xl-3 col-lg-3 col-md-12 col-12\">\r\n\t\t\t\t\t\t\t\t\t<div class=\"products-entry content-product1 clearfix product-wapper\">\n\t<div class=\"products-thumb\">\n\t\t\t<div class='product-lable'>\n\t\t\t\t\t\t\t\t\n\t\t\t<\/div>\n<a href=\"https:\/\/eternalandorra.pro\/fcordino\/tienda\/individuals\/xandall-fc-ordino\/\" class=\"woocommerce-LoopProduct-link\"><img decoding=\"async\" width=\"400\" height=\"400\" src=\"https:\/\/eternalandorra.pro\/fcordino\/wp-content\/uploads\/2024\/07\/66-400x400.jpg\" class=\"fade-in lazyload wp-post-image\" alt=\"\" loading=\"eager\" \/><\/a>\t\t<div class='product-button'>\n\t\t\t<div data-title=\"A\u00f1adir al carrito\"><a rel=\"nofollow\"  href=\"https:\/\/eternalandorra.pro\/fcordino\/tienda\/individuals\/xandall-fc-ordino\/\" data-quantity=\"1\" data-product_id=\"35304\" data-product_sku=\"\" class=\"button product_type_simple add_to_cart_button\">A\u00f1adir al carrito<\/a><\/div>\t\t<\/div>\n\t\t\t<\/div>\n\t<div class=\"products-content\">\n\t\t<div class=\"contents\">\n\t\t\t\t\t\t<div class=\"rating none\">\n\t\t\t<div class=\"star-rating none\"><\/div>\n\t\t\t<div class=\"review-count\">\n\t\t\t\t(0 review)\n\t\t\t<\/div>\n\t\t<\/div>\n\t\t\t\t<h3 class=\"product-title\"><a href=\"https:\/\/eternalandorra.pro\/fcordino\/tienda\/individuals\/xandall-fc-ordino\/\">Xandall Complet FC Ordino<\/a><\/h3>\n\t\t\t\n\t<span class=\"price\"><span class=\"woocommerce-Price-amount amount\"><bdi>40.00<span class=\"woocommerce-Price-currencySymbol\">&euro;<\/span><\/bdi><\/span><\/span>\n\t\t<\/div>\n\t<\/div>\n<\/div>\t\t\t\t\t\t\t<\/div>\r\n\t\t\t\t\t<div class=\"item-product col-xl-3 col-lg-3 col-md-12 col-12\">\r\n\t\t\t\t\t\t\t\t\t<div class=\"products-entry content-product1 clearfix product-wapper\">\n\t<div class=\"products-thumb\">\n\t\t\t<div class='product-lable'>\n\t\t\t\t\t\t\t\t\n\t\t\t<\/div>\n<a href=\"https:\/\/eternalandorra.pro\/fcordino\/tienda\/individuals\/samarreta-termica-fc-ordino\/\" class=\"woocommerce-LoopProduct-link\"><img decoding=\"async\" width=\"400\" height=\"400\" src=\"https:\/\/eternalandorra.pro\/fcordino\/wp-content\/uploads\/2024\/07\/71-400x400.jpg\" class=\"fade-in lazyload wp-post-image\" alt=\"\" loading=\"eager\" \/><\/a>\t\t<div class='product-button'>\n\t\t\t<div data-title=\"A\u00f1adir al carrito\"><a rel=\"nofollow\"  href=\"https:\/\/eternalandorra.pro\/fcordino\/tienda\/individuals\/samarreta-termica-fc-ordino\/\" data-quantity=\"1\" data-product_id=\"35307\" data-product_sku=\"\" class=\"button product_type_simple add_to_cart_button\">A\u00f1adir al carrito<\/a><\/div>\t\t<\/div>\n\t\t\t<\/div>\n\t<div class=\"products-content\">\n\t\t<div class=\"contents\">\n\t\t\t\t\t\t<div class=\"rating none\">\n\t\t\t<div class=\"star-rating none\"><\/div>\n\t\t\t<div class=\"review-count\">\n\t\t\t\t(0 review)\n\t\t\t<\/div>\n\t\t<\/div>\n\t\t\t\t<h3 class=\"product-title\"><a href=\"https:\/\/eternalandorra.pro\/fcordino\/tienda\/individuals\/samarreta-termica-fc-ordino\/\">Samarreta T\u00e8rmica FC Ordino<\/a><\/h3>\n\t\t\t\n\t<span class=\"price\"><span class=\"woocommerce-Price-amount amount\"><bdi>22.00<span class=\"woocommerce-Price-currencySymbol\">&euro;<\/span><\/bdi><\/span><\/span>\n\t\t<\/div>\n\t<\/div>\n<\/div>\t\t\t\t\t\t\t<\/div>\r\n\t\t\t\t\t<div class=\"item-product col-xl-3 col-lg-3 col-md-12 col-12\">\r\n\t\t\t\t\t\t\t\t\t<div class=\"products-entry content-product1 clearfix product-wapper\">\n\t<div class=\"products-thumb\">\n\t\t\t<div class='product-lable'>\n\t\t\t\t\t\t\t\t\n\t\t\t<\/div>\n<a href=\"https:\/\/eternalandorra.pro\/fcordino\/tienda\/individuals\/mitgetes-groc-fluor-fc-ordino\/\" class=\"woocommerce-LoopProduct-link\"><img decoding=\"async\" width=\"400\" height=\"400\" src=\"https:\/\/eternalandorra.pro\/fcordino\/wp-content\/uploads\/2024\/07\/TECNI-FYT-16-400x400.jpg\" class=\"fade-in lazyload wp-post-image\" alt=\"\" loading=\"eager\" \/><\/a>\t\t<div class='product-button'>\n\t\t\t<div data-title=\"A\u00f1adir al carrito\"><a rel=\"nofollow\"  href=\"https:\/\/eternalandorra.pro\/fcordino\/tienda\/individuals\/mitgetes-groc-fluor-fc-ordino\/\" data-quantity=\"1\" data-product_id=\"35520\" data-product_sku=\"\" class=\"button product_type_simple add_to_cart_button\">A\u00f1adir al carrito<\/a><\/div>\t\t<\/div>\n\t\t\t<\/div>\n\t<div class=\"products-content\">\n\t\t<div class=\"contents\">\n\t\t\t\t\t\t<div class=\"rating none\">\n\t\t\t<div class=\"star-rating none\"><\/div>\n\t\t\t<div class=\"review-count\">\n\t\t\t\t(0 review)\n\t\t\t<\/div>\n\t\t<\/div>\n\t\t\t\t<h3 class=\"product-title\"><a href=\"https:\/\/eternalandorra.pro\/fcordino\/tienda\/individuals\/mitgetes-groc-fluor-fc-ordino\/\">Mitgetes Grogues Fluor FC Ordino<\/a><\/h3>\n\t\t\t\n\t<span class=\"price\"><span class=\"woocommerce-Price-amount amount\"><bdi>6.00<span class=\"woocommerce-Price-currencySymbol\">&euro;<\/span><\/bdi><\/span><\/span>\n\t\t<\/div>\n\t<\/div>\n<\/div>\t\t\t\t\t\t\t<\/div>\r\n\t\t\t\t\t\t<\/div>\t\t\r\n\t<\/div>\r\n\t\t\t\t\t<\/div>\n\t\t\t\t<\/div>\n\t\t\t\t<\/div>\n\t\t\t\t\t<\/div>\n\t\t\t\t<\/div>\n\t\t\t\t<\/div>\n\t\t","protected":false},"excerpt":{"rendered":"<p>PRODUCTOS INDIVIDUALES Todos los packs disponibles A\u00f1adir al carrito (0 review) Guants FC Ordino 15.00&euro; A\u00f1adir al carrito (0 review) Chubasquer FC Ordino 20.00&euro; A\u00f1adir al carrito (0 review) Bufanda FC Ordino 8.00&euro; A\u00f1adir al carrito (0 review) Anorak FC Ordino 38.00&euro; A\u00f1adir al carrito (0 review) Dessuadora FC Ordino 25.00&euro; A\u00f1adir al carrito (0 [&hellip;]<\/p>\n","protected":false},"author":1,"featured_media":0,"parent":0,"menu_order":0,"comment_status":"closed","ping_status":"closed","template":"","meta":{"footnotes":""},"class_list":["post-35368","page","type-page","status-publish","hentry","has-post-thumbnail"],"_links":{"self":[{"href":"https:\/\/eternalandorra.pro\/fcordino\/wp-json\/wp\/v2\/pages\/35368","targetHints":{"allow":["GET"]}}],"collection":[{"href":"https:\/\/eternalandorra.pro\/fcordino\/wp-json\/wp\/v2\/pages"}],"about":[{"href":"https:\/\/eternalandorra.pro\/fcordino\/wp-json\/wp\/v2\/types\/page"}],"author":[{"embeddable":true,"href":"https:\/\/eternalandorra.pro\/fcordino\/wp-json\/wp\/v2\/users\/1"}],"replies":[{"embeddable":true,"href":"https:\/\/eternalandorra.pro\/fcordino\/wp-json\/wp\/v2\/comments?post=35368"}],"version-history":[{"count":5,"href":"https:\/\/eternalandorra.pro\/fcordino\/wp-json\/wp\/v2\/pages\/35368\/revisions"}],"predecessor-version":[{"id":35429,"href":"https:\/\/eternalandorra.pro\/fcordino\/wp-json\/wp\/v2\/pages\/35368\/revisions\/35429"}],"wp:attachment":[{"href":"https:\/\/eternalandorra.pro\/fcordino\/wp-json\/wp\/v2\/media?parent=35368"}],"curies":[{"name":"wp","href":"https:\/\/api.w.org\/{rel}","templated":true}]}}