{"id":35363,"date":"2024-10-20T10:03:01","date_gmt":"2024-10-20T10:03:01","guid":{"rendered":"https:\/\/eternalandorra.pro\/fcordino\/?page_id=35363"},"modified":"2024-10-20T10:03:36","modified_gmt":"2024-10-20T10:03:36","slug":"ritmica-2","status":"publish","type":"page","link":"https:\/\/eternalandorra.pro\/fcordino\/es\/ritmica-2\/","title":{"rendered":"Ritmica"},"content":{"rendered":"\t\t<div data-elementor-type=\"wp-page\" data-elementor-id=\"35363\" class=\"elementor elementor-35363\" data-elementor-post-type=\"page\">\n\t\t\t\t<div class=\"elementor-element elementor-element-445f519 e-flex e-con-boxed e-con e-parent\" data-id=\"445f519\" data-element_type=\"container\">\n\t\t\t\t\t<div class=\"e-con-inner\">\n\t\t<div class=\"elementor-element elementor-element-73aa279 e-con-full e-flex e-con e-child\" data-id=\"73aa279\" data-element_type=\"container\">\n\t\t\t\t<div class=\"elementor-element elementor-element-2d51074 elementor-widget elementor-widget-heading\" data-id=\"2d51074\" data-element_type=\"widget\" data-widget_type=\"heading.default\">\n\t\t\t\t<div class=\"elementor-widget-container\">\n\t\t\t\t\t<h2 class=\"elementor-heading-title elementor-size-default\">PRODUCTOS R\u00cdTMICA<\/h2>\t\t\t\t<\/div>\n\t\t\t\t<\/div>\n\t\t\t\t<div class=\"elementor-element elementor-element-e4dc8b7 elementor-widget elementor-widget-heading\" data-id=\"e4dc8b7\" data-element_type=\"widget\" data-widget_type=\"heading.default\">\n\t\t\t\t<div class=\"elementor-widget-container\">\n\t\t\t\t\t<h2 class=\"elementor-heading-title elementor-size-default\">Todos los packs disponibles<\/h2>\t\t\t\t<\/div>\n\t\t\t\t<\/div>\n\t\t\t\t<div class=\"elementor-element elementor-element-d294603 elementor-widget-divider--view-line elementor-widget elementor-widget-divider\" data-id=\"d294603\" data-element_type=\"widget\" data-widget_type=\"divider.default\">\n\t\t\t\t<div class=\"elementor-widget-container\">\n\t\t\t\t\t\t\t<div class=\"elementor-divider\">\n\t\t\t<span class=\"elementor-divider-separator\">\n\t\t\t\t\t\t<\/span>\n\t\t<\/div>\n\t\t\t\t\t\t<\/div>\n\t\t\t\t<\/div>\n\t\t\t\t<div class=\"elementor-element elementor-element-79898fe elementor-widget elementor-widget-bwp_product_list\" data-id=\"79898fe\" data-element_type=\"widget\" data-widget_type=\"bwp_product_list.default\">\n\t\t\t\t<div class=\"elementor-widget-container\">\n\t\t\t\t\t\r\n\t\t\t\t<\/div>\n\t\t\t\t<\/div>\n\t\t\t\t<\/div>\n\t\t\t\t\t<\/div>\n\t\t\t\t<\/div>\n\t\t\t\t<\/div>\n\t\t","protected":false},"excerpt":{"rendered":"<p>PRODUCTOS R\u00cdTMICA Todos los packs disponibles A\u00f1adir al carrito (0 review) Dessuadora R\u00edtmica FC Ordino 20.00&euro; A\u00f1adir al carrito (0 review) Jaqueta R\u00edtmica FC Ordino 25.00&euro; A\u00f1adir al carrito (0 review) Malles Curtes R\u00edtmica FC Ordino 11.00&euro; A\u00f1adir al carrito (0 review) Malles R\u00edtmica FC Ordino 14.00&euro; Add to cart (0 review) Motxilla R\u00edtmica FC [&hellip;]<\/p>\n","protected":false},"author":1,"featured_media":0,"parent":0,"menu_order":0,"comment_status":"closed","ping_status":"closed","template":"","meta":{"footnotes":""},"class_list":["post-35363","page","type-page","status-publish","hentry"],"_links":{"self":[{"href":"https:\/\/eternalandorra.pro\/fcordino\/wp-json\/wp\/v2\/pages\/35363","targetHints":{"allow":["GET"]}}],"collection":[{"href":"https:\/\/eternalandorra.pro\/fcordino\/wp-json\/wp\/v2\/pages"}],"about":[{"href":"https:\/\/eternalandorra.pro\/fcordino\/wp-json\/wp\/v2\/types\/page"}],"author":[{"embeddable":true,"href":"https:\/\/eternalandorra.pro\/fcordino\/wp-json\/wp\/v2\/users\/1"}],"replies":[{"embeddable":true,"href":"https:\/\/eternalandorra.pro\/fcordino\/wp-json\/wp\/v2\/comments?post=35363"}],"version-history":[{"count":4,"href":"https:\/\/eternalandorra.pro\/fcordino\/wp-json\/wp\/v2\/pages\/35363\/revisions"}],"predecessor-version":[{"id":35367,"href":"https:\/\/eternalandorra.pro\/fcordino\/wp-json\/wp\/v2\/pages\/35363\/revisions\/35367"}],"wp:attachment":[{"href":"https:\/\/eternalandorra.pro\/fcordino\/wp-json\/wp\/v2\/media?parent=35363"}],"curies":[{"name":"wp","href":"https:\/\/api.w.org\/{rel}","templated":true}]}}