{"id":35304,"date":"2024-07-14T05:22:18","date_gmt":"2024-07-14T05:22:18","guid":{"rendered":"https:\/\/eternalandorra.pro\/fcordino\/?post_type=product&#038;p=35304"},"modified":"2025-07-14T07:18:43","modified_gmt":"2025-07-14T07:18:43","slug":"xandall-fc-ordino","status":"publish","type":"product","link":"https:\/\/eternalandorra.pro\/fcordino\/en\/tienda\/individuals\/xandall-fc-ordino\/","title":{"rendered":"Xandall Complet FC Ordino"},"content":{"rendered":"","protected":false},"excerpt":{"rendered":"<p>Model dissenyat per a entrenaments esportius, especialment de futbol i futbol sala. Gr\u00e0cies al seu car\u00e0cter polivalent, tamb\u00e9 podr\u00e0s posar-t\u2019ho per vestir c\u00f2mode i amb un look de sport al dia a dia. Elaborats amb teixit c\u00e0lid que abriga i protegeix del fred. Inclou cintura el\u00e0stica amb cord\u00f3 interior per a un millor ajustament i butxaques laterals amb cremallera, que estilitzen la pe\u00e7a i proporciona un lloc segur on guardar objectes petits.<\/p>\n<p>Dissenyat amb tall skinny i cremallera al baix per posar i treure la pe\u00e7a amb facilitat. En obrir la cremallera, la pe\u00e7a s\u2019est\u00e9n i el tall queda m\u00e9s ample, fent que sigui m\u00e9s senzill el seu \u00fas. Pantalons confeccionats amb teixit fleece interior, un component c\u00e0lid i resistent, que permet la llibertat de moviments durant la pr\u00e0ctica esportiva<\/p>","protected":false},"featured_media":35503,"template":"","meta":[],"product_brand":[],"product_cat":[152],"product_tag":[],"class_list":{"0":"post-35304","1":"product","2":"type-product","3":"status-publish","4":"has-post-thumbnail","6":"product_cat-individuals","9":"first","10":"instock","11":"taxable","12":"shipping-taxable","13":"purchasable","14":"product-type-simple"},"_links":{"self":[{"href":"https:\/\/eternalandorra.pro\/fcordino\/en\/wp-json\/wp\/v2\/product\/35304","targetHints":{"allow":["GET"]}}],"collection":[{"href":"https:\/\/eternalandorra.pro\/fcordino\/en\/wp-json\/wp\/v2\/product"}],"about":[{"href":"https:\/\/eternalandorra.pro\/fcordino\/en\/wp-json\/wp\/v2\/types\/product"}],"wp:featuredmedia":[{"embeddable":true,"href":"https:\/\/eternalandorra.pro\/fcordino\/en\/wp-json\/wp\/v2\/media\/35503"}],"wp:attachment":[{"href":"https:\/\/eternalandorra.pro\/fcordino\/en\/wp-json\/wp\/v2\/media?parent=35304"}],"wp:term":[{"taxonomy":"product_brand","embeddable":true,"href":"https:\/\/eternalandorra.pro\/fcordino\/en\/wp-json\/wp\/v2\/product_brand?post=35304"},{"taxonomy":"product_cat","embeddable":true,"href":"https:\/\/eternalandorra.pro\/fcordino\/en\/wp-json\/wp\/v2\/product_cat?post=35304"},{"taxonomy":"product_tag","embeddable":true,"href":"https:\/\/eternalandorra.pro\/fcordino\/en\/wp-json\/wp\/v2\/product_tag?post=35304"}],"curies":[{"name":"wp","href":"https:\/\/api.w.org\/{rel}","templated":true}]}}