{"id":35302,"date":"2024-07-14T05:18:18","date_gmt":"2024-07-14T05:18:18","guid":{"rendered":"https:\/\/eternalandorra.pro\/fcordino\/?post_type=product&#038;p=35302"},"modified":"2025-07-14T07:41:02","modified_gmt":"2025-07-14T07:41:02","slug":"pantalo-llarg-termic-fc-ordino","status":"publish","type":"product","link":"https:\/\/eternalandorra.pro\/fcordino\/en\/tienda\/individuals\/pantalo-llarg-termic-fc-ordino\/","title":{"rendered":"Pantal\u00f3 Llarg T\u00e8rmic FC Ordino"},"content":{"rendered":"","protected":false},"excerpt":{"rendered":"<p>Pantalons llargs de la l\u00ednia BRAMA, resistent a la suor, lleugera, suau i flexible. Es caracteritza per atorgar una gran llibertat de moviments, aix\u00ed com subjecci\u00f3 i confort. Proporciona una perfecta protecci\u00f3 i comoditat gr\u00e0cies a les seves caracter\u00edstiques d\u2019impermeabilitat i transpirabilitat i cintra totes les condicions meteorol\u00f2giques.<\/p>","protected":false},"featured_media":35515,"template":"","meta":[],"product_brand":[],"product_cat":[152],"product_tag":[],"class_list":{"0":"post-35302","1":"product","2":"type-product","3":"status-publish","4":"has-post-thumbnail","6":"product_cat-individuals","9":"first","10":"instock","11":"taxable","12":"shipping-taxable","13":"purchasable","14":"product-type-simple"},"_links":{"self":[{"href":"https:\/\/eternalandorra.pro\/fcordino\/en\/wp-json\/wp\/v2\/product\/35302","targetHints":{"allow":["GET"]}}],"collection":[{"href":"https:\/\/eternalandorra.pro\/fcordino\/en\/wp-json\/wp\/v2\/product"}],"about":[{"href":"https:\/\/eternalandorra.pro\/fcordino\/en\/wp-json\/wp\/v2\/types\/product"}],"wp:featuredmedia":[{"embeddable":true,"href":"https:\/\/eternalandorra.pro\/fcordino\/en\/wp-json\/wp\/v2\/media\/35515"}],"wp:attachment":[{"href":"https:\/\/eternalandorra.pro\/fcordino\/en\/wp-json\/wp\/v2\/media?parent=35302"}],"wp:term":[{"taxonomy":"product_brand","embeddable":true,"href":"https:\/\/eternalandorra.pro\/fcordino\/en\/wp-json\/wp\/v2\/product_brand?post=35302"},{"taxonomy":"product_cat","embeddable":true,"href":"https:\/\/eternalandorra.pro\/fcordino\/en\/wp-json\/wp\/v2\/product_cat?post=35302"},{"taxonomy":"product_tag","embeddable":true,"href":"https:\/\/eternalandorra.pro\/fcordino\/en\/wp-json\/wp\/v2\/product_tag?post=35302"}],"curies":[{"name":"wp","href":"https:\/\/api.w.org\/{rel}","templated":true}]}}