{"id":35259,"date":"2024-07-13T05:21:29","date_gmt":"2024-07-13T05:21:29","guid":{"rendered":"https:\/\/eternalandorra.pro\/uesantacoloma\/?post_type=product&#038;p=35259"},"modified":"2025-07-14T07:40:27","modified_gmt":"2025-07-14T07:40:27","slug":"anorak-fc-ordino","status":"publish","type":"product","link":"https:\/\/eternalandorra.pro\/fcordino\/en\/tienda\/individuals\/anorak-fc-ordino\/","title":{"rendered":"Anorak FC Ordino"},"content":{"rendered":"","protected":false},"excerpt":{"rendered":"<div class=\"woocommerce-product-details__short-description\">\n<p>Dissenyat per a abrigar-se en els entrenaments esportius en dies de fred. Aquest anorac et mant\u00e9 c\u00f2mode i c\u00e0lid perqu\u00e8 res et freni. Tot aix\u00f2 sense afegir pes extra perqu\u00e8 puguis moure&#8217;t amb llibertat.<\/p>\n<p>Aquest abric incorpora tancament complet amb cremallera per a posar i llevar r\u00e0pidament, coll alt per a protegir la zona del fred i caputxa amagada amb cordons per a poder ajustar-lo i evitar l&#8217;entrada de fred. Aquesta caputxa al seu torn \u00e9s desmuntable. A m\u00e9s, compta amb butxaques laterals amb tancament de bot\u00f3 perqu\u00e8 puguis guardar petits objectes de manera segura i una butxaca extra interior amb tancament adhesiu.<\/p>\n<p>S&#8217;ha confeccionat amb teixit lleuger, impermeable i resistent als frecs i caigudes. Incorpora teixit polar a l&#8217;interior que mant\u00e9 la calidesa de l&#8217;esportista malgrat el fred i la humitat. Cal destacar que no impedeix la llibertat de moviment malgrat el volum.<\/p>\n<p>En el disseny, presenta petits talls de contrast a color en les espatlles.<\/p>\n<\/div>","protected":false},"featured_media":35513,"template":"","meta":[],"product_brand":[],"product_cat":[152],"product_tag":[],"class_list":{"0":"post-35259","1":"product","2":"type-product","3":"status-publish","4":"has-post-thumbnail","6":"product_cat-individuals","9":"first","10":"instock","11":"taxable","12":"shipping-taxable","13":"purchasable","14":"product-type-simple"},"_links":{"self":[{"href":"https:\/\/eternalandorra.pro\/fcordino\/en\/wp-json\/wp\/v2\/product\/35259","targetHints":{"allow":["GET"]}}],"collection":[{"href":"https:\/\/eternalandorra.pro\/fcordino\/en\/wp-json\/wp\/v2\/product"}],"about":[{"href":"https:\/\/eternalandorra.pro\/fcordino\/en\/wp-json\/wp\/v2\/types\/product"}],"wp:featuredmedia":[{"embeddable":true,"href":"https:\/\/eternalandorra.pro\/fcordino\/en\/wp-json\/wp\/v2\/media\/35513"}],"wp:attachment":[{"href":"https:\/\/eternalandorra.pro\/fcordino\/en\/wp-json\/wp\/v2\/media?parent=35259"}],"wp:term":[{"taxonomy":"product_brand","embeddable":true,"href":"https:\/\/eternalandorra.pro\/fcordino\/en\/wp-json\/wp\/v2\/product_brand?post=35259"},{"taxonomy":"product_cat","embeddable":true,"href":"https:\/\/eternalandorra.pro\/fcordino\/en\/wp-json\/wp\/v2\/product_cat?post=35259"},{"taxonomy":"product_tag","embeddable":true,"href":"https:\/\/eternalandorra.pro\/fcordino\/en\/wp-json\/wp\/v2\/product_tag?post=35259"}],"curies":[{"name":"wp","href":"https:\/\/api.w.org\/{rel}","templated":true}]}}