{"id":35671,"date":"2025-12-12T09:26:29","date_gmt":"2025-12-12T09:26:29","guid":{"rendered":"https:\/\/eternalandorra.pro\/clubvoleiandorra\/?post_type=product&#038;p=35671"},"modified":"2025-12-12T10:44:00","modified_gmt":"2025-12-12T10:44:00","slug":"pack-roba-noi","status":"publish","type":"product","link":"https:\/\/eternalandorra.pro\/clubvoleiandorra\/tienda\/packs\/pack-roba-noi\/","title":{"rendered":"Pack Roba Noi"},"content":{"rendered":"","protected":false},"excerpt":{"rendered":"<p>Pack de Roba per a Jugadors\/es. Obligatori per als nous jugadors del Club.<\/p>\n<p>Per la numeraci\u00f3 de la Samarreta, envieu un email a: info@eternalandorra.com amb el n\u00famero de comanda perqu\u00e8 us puguem informar de la disponibilitat de numeraci\u00f3.<\/p>\n","protected":false},"featured_media":35667,"template":"","meta":[],"product_brand":[],"product_cat":[153],"product_tag":[],"class_list":{"0":"post-35671","1":"product","2":"type-product","3":"status-publish","4":"has-post-thumbnail","6":"product_cat-packs","9":"first","10":"instock","11":"taxable","12":"shipping-taxable","13":"purchasable","14":"product-type-simple"},"_links":{"self":[{"href":"https:\/\/eternalandorra.pro\/clubvoleiandorra\/wp-json\/wp\/v2\/product\/35671","targetHints":{"allow":["GET"]}}],"collection":[{"href":"https:\/\/eternalandorra.pro\/clubvoleiandorra\/wp-json\/wp\/v2\/product"}],"about":[{"href":"https:\/\/eternalandorra.pro\/clubvoleiandorra\/wp-json\/wp\/v2\/types\/product"}],"wp:featuredmedia":[{"embeddable":true,"href":"https:\/\/eternalandorra.pro\/clubvoleiandorra\/wp-json\/wp\/v2\/media\/35667"}],"wp:attachment":[{"href":"https:\/\/eternalandorra.pro\/clubvoleiandorra\/wp-json\/wp\/v2\/media?parent=35671"}],"wp:term":[{"taxonomy":"product_brand","embeddable":true,"href":"https:\/\/eternalandorra.pro\/clubvoleiandorra\/wp-json\/wp\/v2\/product_brand?post=35671"},{"taxonomy":"product_cat","embeddable":true,"href":"https:\/\/eternalandorra.pro\/clubvoleiandorra\/wp-json\/wp\/v2\/product_cat?post=35671"},{"taxonomy":"product_tag","embeddable":true,"href":"https:\/\/eternalandorra.pro\/clubvoleiandorra\/wp-json\/wp\/v2\/product_tag?post=35671"}],"curies":[{"name":"wp","href":"https:\/\/api.w.org\/{rel}","templated":true}]}}