{"id":35324,"date":"2024-07-14T11:37:05","date_gmt":"2024-07-14T11:37:05","guid":{"rendered":"https:\/\/eternalandorra.pro\/fcsantacoloma\/?post_type=product&#038;p=35324"},"modified":"2025-10-21T08:13:01","modified_gmt":"2025-10-21T08:13:01","slug":"jaqueta-volei-andorra","status":"publish","type":"product","link":"https:\/\/eternalandorra.pro\/clubvoleiandorra\/tienda\/individuals\/jaqueta-volei-andorra\/","title":{"rendered":"Jaqueta Volei Andorra"},"content":{"rendered":"","protected":false},"excerpt":{"rendered":"<p>Abric per a home\/nen. Dissenyat per abrigar-se als entrenaments esportius en dies de fred. Aquest anorac et mant\u00e9 c\u00f2mode i c\u00e0lid perqu\u00e8 res no et freni. Tot aix\u00f2 sense afegir pes extra perqu\u00e8 puguis moure\u2019t amb llibertat. Aquest abric incorpora tanca completa amb cremallera per posar i treure r\u00e0pidament, coll alt per protegir la zona del fred i caputxa amagada amb cordons per poder ajustar-lo i evitar l\u2019entrada de fred. Aquesta caputxa \u00e9s desmuntable. A m\u00e9s, compta amb butxaques laterals amb tancament de bot\u00f3 perqu\u00e8 puguis guardar petits objectes de manera segura i una butxaca extra interior amb tancament adhesiu. S\u2019ha confeccionat amb teixit lleuger, impermeable i resistent a les friccions i caigudes. Incorpora teixit polar a l\u2019interior que mant\u00e9 la calidesa de l\u2019esportista malgrat el fred i la humitat. Cal destacar que no impedeix la llibertat de moviment malgrat el volum.<\/p>\n","protected":false},"featured_media":35639,"template":"","meta":[],"product_brand":[],"product_cat":[152],"product_tag":[],"class_list":{"0":"post-35324","1":"product","2":"type-product","3":"status-publish","4":"has-post-thumbnail","6":"product_cat-individuals","9":"first","10":"instock","11":"taxable","12":"shipping-taxable","13":"purchasable","14":"product-type-simple"},"_links":{"self":[{"href":"https:\/\/eternalandorra.pro\/clubvoleiandorra\/wp-json\/wp\/v2\/product\/35324","targetHints":{"allow":["GET"]}}],"collection":[{"href":"https:\/\/eternalandorra.pro\/clubvoleiandorra\/wp-json\/wp\/v2\/product"}],"about":[{"href":"https:\/\/eternalandorra.pro\/clubvoleiandorra\/wp-json\/wp\/v2\/types\/product"}],"wp:featuredmedia":[{"embeddable":true,"href":"https:\/\/eternalandorra.pro\/clubvoleiandorra\/wp-json\/wp\/v2\/media\/35639"}],"wp:attachment":[{"href":"https:\/\/eternalandorra.pro\/clubvoleiandorra\/wp-json\/wp\/v2\/media?parent=35324"}],"wp:term":[{"taxonomy":"product_brand","embeddable":true,"href":"https:\/\/eternalandorra.pro\/clubvoleiandorra\/wp-json\/wp\/v2\/product_brand?post=35324"},{"taxonomy":"product_cat","embeddable":true,"href":"https:\/\/eternalandorra.pro\/clubvoleiandorra\/wp-json\/wp\/v2\/product_cat?post=35324"},{"taxonomy":"product_tag","embeddable":true,"href":"https:\/\/eternalandorra.pro\/clubvoleiandorra\/wp-json\/wp\/v2\/product_tag?post=35324"}],"curies":[{"name":"wp","href":"https:\/\/api.w.org\/{rel}","templated":true}]}}