{"id":35535,"date":"2024-11-22T12:01:09","date_gmt":"2024-11-22T12:01:09","guid":{"rendered":"https:\/\/eternalandorra.pro\/clubvoleiandorra\/?page_id=35535"},"modified":"2024-11-22T12:02:57","modified_gmt":"2024-11-22T12:02:57","slug":"politica-de-privacidad","status":"publish","type":"page","link":"https:\/\/eternalandorra.pro\/clubvoleiandorra\/politica-de-privacidad\/","title":{"rendered":"Politica de Privacidad"},"content":{"rendered":"\t\t<div data-elementor-type=\"wp-page\" data-elementor-id=\"35535\" class=\"elementor elementor-35535\" data-elementor-post-type=\"page\">\n\t\t\t\t\t\t<section class=\"elementor-section elementor-top-section elementor-element elementor-element-66e9c05 elementor-section-boxed elementor-section-height-default elementor-section-height-default\" data-id=\"66e9c05\" data-element_type=\"section\">\n\t\t\t\t\t\t<div class=\"elementor-container elementor-column-gap-default\">\n\t\t\t\t\t<div class=\"elementor-column elementor-col-100 elementor-top-column elementor-element elementor-element-4170ba4\" data-id=\"4170ba4\" data-element_type=\"column\">\n\t\t\t<div class=\"elementor-widget-wrap elementor-element-populated\">\n\t\t\t\t\t\t<div class=\"elementor-element elementor-element-ca300dd elementor-view-default elementor-widget elementor-widget-icon\" data-id=\"ca300dd\" data-element_type=\"widget\" data-widget_type=\"icon.default\">\n\t\t\t\t<div class=\"elementor-widget-container\">\n\t\t\t\t\t\t\t<div class=\"elementor-icon-wrapper\">\n\t\t\t<div class=\"elementor-icon\">\n\t\t\t\t\t\t<\/div>\n\t\t<\/div>\n\t\t\t\t\t\t<\/div>\n\t\t\t\t<\/div>\n\t\t\t\t<div class=\"elementor-element elementor-element-ba7f0e9 title-block-1 elementor-widget elementor-widget-heading\" data-id=\"ba7f0e9\" data-element_type=\"widget\" data-widget_type=\"heading.default\">\n\t\t\t\t<div class=\"elementor-widget-container\">\n\t\t\t\t\t<h2 class=\"elementor-heading-title elementor-size-default\">Politica de Privacidad<\/h2>\t\t\t\t<\/div>\n\t\t\t\t<\/div>\n\t\t\t\t<div class=\"elementor-element elementor-element-7e3795d elementor-widget elementor-widget-text-editor\" data-id=\"7e3795d\" data-element_type=\"widget\" data-widget_type=\"text-editor.default\">\n\t\t\t\t<div class=\"elementor-widget-container\">\n\t\t\t\t\t\t\t\t\t<p>Politica de Privacidad<br \/>En cumplimiento de lo establecido en la RGPD, le informamos que sus datos ser\u00e1n tratados en nuestros ficheros, con la finalidad del mantenimiento y cumplimiento de la relaci\u00f3n con nuestra entidad, incluyendo el env\u00edo de comunicaciones en el marco de la citada relaci\u00f3n.<\/p><p>As\u00ed mismo, sus datos ser\u00e1n cedidos en todos aquellos casos en que sea necesario para el desarrollo, cumplimiento y control de la relaci\u00f3n con nuestra entidad o en los supuestos en que lo autorice una norma con rango de ley. En cumplimiento de la RGPD puede ejercitar sus derechos ARCO ante ETERNAL, con direcci\u00f3n en C\/ de les Boh\u00efgues, Ed. Pic Blanc , Despatx 504. Escaldes Engordany \u2013 AD 700, adjuntando fotocopia de su DNI.<\/p><p>El contenido de esta comunicaci\u00f3n, as\u00ed como el de toda la documentaci\u00f3n anexa, est\u00e1 sujeta al deber de secreto y va dirigida \u00fanicamente a su destinatario. En el supuesto de que usted no fuera el destinatario, le solicitamos que nos lo indique y no comunique su contenido a terceros, procediendo a su destrucci\u00f3n.<\/p><p>El prestador de servicios de la sociedad de la informaci\u00f3n deber\u00e1 tener en cuenta que, adem\u00e1s de la informaci\u00f3n que facilite a los destinatarios del servicio a trav\u00e9s de su \u201cPol\u00edtica de Privacidad\u00bb?, deber\u00e1 disponer de textos legales adicionales relativos a otras normativas de obligado cumplimiento, tales como, sin car\u00e1cter limitativo o excluyente, condiciones generales de la contrataci\u00f3n, propiedad intelectual e industrial, condiciones de utilizaci\u00f3n de la p\u00e1gina web y responsabilidades al respecto, o lo que la propia Ley 34\/2002, de 11 de julio, de Servicios de la Sociedad de la Informaci\u00f3n y de Comercio Electr\u00f3nico pueda establecer en cualesquiera otros preceptos al margen de su art\u00edculo 10 o incluso completar la informaci\u00f3n que, en relaci\u00f3n a \u00e9ste, fuese necesaria.<\/p>\t\t\t\t\t\t\t\t<\/div>\n\t\t\t\t<\/div>\n\t\t\t\t\t<\/div>\n\t\t<\/div>\n\t\t\t\t\t<\/div>\n\t\t<\/section>\n\t\t\t\t<\/div>\n\t\t","protected":false},"excerpt":{"rendered":"<p>Politica de Privacidad Politica de PrivacidadEn cumplimiento de lo establecido en la RGPD, le informamos que sus datos ser\u00e1n tratados en nuestros ficheros, con la finalidad del mantenimiento y cumplimiento de la relaci\u00f3n con nuestra entidad, incluyendo el env\u00edo de comunicaciones en el marco de la citada relaci\u00f3n. As\u00ed mismo, sus datos ser\u00e1n cedidos en [&hellip;]<\/p>\n","protected":false},"author":1,"featured_media":0,"parent":0,"menu_order":0,"comment_status":"closed","ping_status":"closed","template":"","meta":{"footnotes":""},"class_list":["post-35535","page","type-page","status-publish","hentry"],"_links":{"self":[{"href":"https:\/\/eternalandorra.pro\/clubvoleiandorra\/wp-json\/wp\/v2\/pages\/35535","targetHints":{"allow":["GET"]}}],"collection":[{"href":"https:\/\/eternalandorra.pro\/clubvoleiandorra\/wp-json\/wp\/v2\/pages"}],"about":[{"href":"https:\/\/eternalandorra.pro\/clubvoleiandorra\/wp-json\/wp\/v2\/types\/page"}],"author":[{"embeddable":true,"href":"https:\/\/eternalandorra.pro\/clubvoleiandorra\/wp-json\/wp\/v2\/users\/1"}],"replies":[{"embeddable":true,"href":"https:\/\/eternalandorra.pro\/clubvoleiandorra\/wp-json\/wp\/v2\/comments?post=35535"}],"version-history":[{"count":4,"href":"https:\/\/eternalandorra.pro\/clubvoleiandorra\/wp-json\/wp\/v2\/pages\/35535\/revisions"}],"predecessor-version":[{"id":35539,"href":"https:\/\/eternalandorra.pro\/clubvoleiandorra\/wp-json\/wp\/v2\/pages\/35535\/revisions\/35539"}],"wp:attachment":[{"href":"https:\/\/eternalandorra.pro\/clubvoleiandorra\/wp-json\/wp\/v2\/media?parent=35535"}],"curies":[{"name":"wp","href":"https:\/\/api.w.org\/{rel}","templated":true}]}}