{"id":35450,"date":"2024-10-27T09:27:06","date_gmt":"2024-10-27T09:27:06","guid":{"rendered":"https:\/\/eternalandorra.pro\/clubvoleiandorra\/?page_id=35450"},"modified":"2024-11-22T12:06:52","modified_gmt":"2024-11-22T12:06:52","slug":"transporte-y-devoluciones","status":"publish","type":"page","link":"https:\/\/eternalandorra.pro\/clubvoleiandorra\/es\/transporte-y-devoluciones\/","title":{"rendered":"Transporte y Devoluciones"},"content":{"rendered":"\t\t<div data-elementor-type=\"wp-page\" data-elementor-id=\"35450\" class=\"elementor elementor-35450\" data-elementor-post-type=\"page\">\n\t\t\t\t\t\t<section class=\"elementor-section elementor-top-section elementor-element elementor-element-66e9c05 elementor-section-boxed elementor-section-height-default elementor-section-height-default\" data-id=\"66e9c05\" data-element_type=\"section\">\n\t\t\t\t\t\t<div class=\"elementor-container elementor-column-gap-default\">\n\t\t\t\t\t<div class=\"elementor-column elementor-col-100 elementor-top-column elementor-element elementor-element-4170ba4\" data-id=\"4170ba4\" data-element_type=\"column\">\n\t\t\t<div class=\"elementor-widget-wrap elementor-element-populated\">\n\t\t\t\t\t\t<div class=\"elementor-element elementor-element-ca300dd elementor-view-default elementor-widget elementor-widget-icon\" data-id=\"ca300dd\" data-element_type=\"widget\" data-widget_type=\"icon.default\">\n\t\t\t\t<div class=\"elementor-widget-container\">\n\t\t\t\t\t\t\t<div class=\"elementor-icon-wrapper\">\n\t\t\t<div class=\"elementor-icon\">\n\t\t\t\t\t\t<\/div>\n\t\t<\/div>\n\t\t\t\t\t\t<\/div>\n\t\t\t\t<\/div>\n\t\t\t\t<div class=\"elementor-element elementor-element-ba7f0e9 title-block-1 elementor-widget elementor-widget-heading\" data-id=\"ba7f0e9\" data-element_type=\"widget\" data-widget_type=\"heading.default\">\n\t\t\t\t<div class=\"elementor-widget-container\">\n\t\t\t\t\t<h2 class=\"elementor-heading-title elementor-size-default\">Transporte del pedido. Gastos de env\u00edo<\/h2>\t\t\t\t<\/div>\n\t\t\t\t<\/div>\n\t\t\t\t<div class=\"elementor-element elementor-element-7e3795d elementor-widget elementor-widget-text-editor\" data-id=\"7e3795d\" data-element_type=\"widget\" data-widget_type=\"text-editor.default\">\n\t\t\t\t<div class=\"elementor-widget-container\">\n\t\t\t\t\t\t\t\t\tEl transporte de los art\u00edculos comprados en ETERNAL realizar\u00e1 a trav\u00e9s de una empresa de mensajer\u00eda y ser\u00e1 entregado en los plazos m\u00e1s adelante detallados en funci\u00f3n del destino de entrega de la mercanc\u00eda.\n\nPara evitar incidencias en la entrega (direcciones err\u00f3neas, imposibilidad de encontrar a alguien en el domicilio, etc.), es indispensable cumplimentar correctamente el correspondiente formulario siendo obligatorio rellenar la casilla relativa a los tel\u00e9fonos de contacto.\n\nEl precio del transporte ser\u00e1 detallado en el proceso del pedido de compra de los usuarios.\n\nInformaci\u00f3n adicional para pedidos con destino a Islas Canarias, Ceuta y Melilla:\n\nLos importes que calcula la tienda para pedidos con destino a las Islas Canarias, Ceuta y Melilla:\n\n&#8211; No incluyen el IVA.\n\n\u2013 No incluyen el IGIC, el cual ser\u00e1 pagado por el cliente al recibir el paquete.\n\n\u2013 No incluyen los costes de aduanas. Los cu\u00e1les ser\u00e1n pagados por el cliente al recibir el paquete.\n\nEl env\u00edo de estos pedidos se realizar\u00e1 mediante transporte mar\u00edtimo lo que conlleva una fecha de entrega m\u00e1s larga de lo habitual, siendo entre 7 \u2013 20 d\u00edas h\u00e1biles.\n\nLos costes de env\u00edo pueden ser modificados en cualquier momento sin previo aviso. Estos precios incluyen impuestos indirectos.<strong>ETERNAL<\/strong> ha seleccionado para ti el modo de transporte m\u00e1s econ\u00f3mico para todos los destinos a los que vendemos. Seg\u00fan el destino utilizamos mensajer\u00eda nacional y Correos.\n\nDicho cambio ser\u00e1 de aplicaci\u00f3n a partir del momento en que se incluya la modificaci\u00f3n en las presentes condiciones. En todo caso, ser\u00e1n v\u00e1lidos aquellos costes de env\u00edo que aparezcan en el momento de realizar el pedido.\n\nPuede ocurrir que alg\u00fan producto de nuestra tienda tenga falta de stock para alg\u00fan art\u00edculo, talla o color. En dicho caso,\u00a0<strong>ETERNAL<\/strong>\u00a0asume el compromiso de ofrecer al cliente opciones alternativas, incluyendo el reintegro inmediato de los dineros pagados a\u00a0<strong>ETERNAL<\/strong>.\n\nLa responsabilidad de\u00a0<strong>ETERNAL<\/strong>\u00a0queda limitada en casos de fuerza mayor (huelgas, fen\u00f3menos climatol\u00f3gicos adversos que impiden el tr\u00e1fico normal por tierra, mar o aire,\u2026). En estos casos,\u00a0<strong>ETERNAL<\/strong>\u00a0entregar\u00e1 los pedidos lo antes posible, y los plazos llegados indicados no aplicar\u00e1n.\t\t\t\t\t\t\t\t<\/div>\n\t\t\t\t<\/div>\n\t\t\t\t<div class=\"elementor-element elementor-element-6842f6c elementor-widget elementor-widget-text-editor\" data-id=\"6842f6c\" data-element_type=\"widget\" data-widget_type=\"text-editor.default\">\n\t\t\t\t<div class=\"elementor-widget-container\">\n\t\t\t\t\t\t\t\t\t<h3><u>Devoluciones de productos defectuosos<\/u><\/h3>\nEn caso de producto defectuoso, el vendedor deber\u00e1 proceder, seg\u00fan corresponda, a la reparaci\u00f3n, sustituci\u00f3n, rebaja del precio o resoluci\u00f3n del contrato, gestiones que ser\u00e1n gratuitas para el consumidor y usuario. El vendedor responde de las faltas de conformidad que se manifiesten en un plazo de dos a\u00f1os desde su entrega. El consumidor y usuario deber\u00e1 informar al vendedor de la falta de conformidad en el plazo de dos meses desde su conocimiento.\n\nAdem\u00e1s del recordatorio de la existencia de una garant\u00eda legal de conformidad para los bienes, existencia y condiciones de los servicios posventa y garant\u00edas comerciales.\n<h3><u>Cambios y devoluciones.<\/u><\/h3>\nSi una vez recibida la compra no quedas satisfecho\/a,\u00a0<strong>ETERNAL<\/strong>\u00a0permite su cambio o devoluci\u00f3n en un plazo\u00a0<strong>de 28 d\u00edas<\/strong>\u00a0a contar desde la fecha de su recepci\u00f3n siempre y cuando el art\u00edculo no haya sido usado en la pr\u00e1ctica deportiva o da\u00f1ado. As\u00ed,\u00a0<strong>ETERNAL<\/strong>\u00a0no podr\u00e1 aceptar cambios ni devoluciones de art\u00edculos da\u00f1ados o utilizados en una pr\u00e1ctica deportiva. En todo caso el art\u00edculo deber\u00e1 incorporar su etiqueta original, la cual no podr\u00e1 estar desprendida del mismo en su formato original.\n\nNo obstante lo escrito en el p\u00e1rrafo anterior, existe una excepci\u00f3n que ponemos en conocimiento del Usuario; de acuerdo a la legislaci\u00f3n vigente, queremos notificar que el Usuario\u00a0<strong>no tendr\u00e1 derecho a retornar productos que hayan sido personalizados, de acuerdo a sus especificaciones.<\/strong>\n\nEn la recepci\u00f3n del producto en las condiciones antes mencionadas, te reembolsaremos el valor del pedido. Por tanto, para poder tramitar tu devoluci\u00f3n satisfactoriamente, te gustaremos que nos hagas legar el producto en perfectas condiciones, sin usar en ninguna pr\u00e1ctica deportiva y con su etiqueta, incluyendo las instrucciones de uso, montaje o lavado, cuando existan. Es muy importante que nos devuelvas el\/los productos de cambio o devoluci\u00f3n perfectamente embalados. En caso de que los productos resulten da\u00f1ados debido a un embalaje inapropiado, no podremos aceptar tu devoluci\u00f3n.\n\nAsimismo, podr\u00e1 tambi\u00e9n llevarse a cabo la devoluci\u00f3n del producto a <strong>ETERNAL<\/strong>\u00a0en el caso de que el producto sea defectuoso en origen o, en su caso, cuando el producto, por error nuestro, no corresponda al objeto del pedido. En este caso\u00a0<strong>ETERNAL<\/strong>\u00a0tramitar\u00e1 la recogida, y nueva entrega del producto en la direcci\u00f3n de la casa que nos indique.\n\nProceso de Devoluci\u00f3n:\n<ul>\n  <li>Contacta con nosotros en\u00a0<strong><a href=\"mailto:eternal@andorra.ad\">eternal@andorra.ad<\/a><\/strong>, y expl\u00edcanos t\u00fa deseo de retornar el material as\u00ed como el motivo de la devoluci\u00f3n.<\/li>\n  <li>Te pediremos que devuelvas tus productos a\u00a0<strong>C. Las Bo\u00efgues, s\/n Ed. Pic Blanc, pl.6 despacho 605.<\/strong><\/li>\n<\/ul>\n<em>Nos lo puedes hacer legar por tus medios o contratar nuestro servicio de mensajer\u00eda o nos lo puedes entregar en mano en la misma direcci\u00f3n.<\/em>\n<ul>\n  <li>Una vez que recibamos la mercanc\u00eda en nuestros almacenes y comprobemos que se dan todas las condiciones anteriores,\u00a0<strong>ETERNAL<\/strong>\u00a0admitir\u00e1 la devoluci\u00f3n del producto y se proceder\u00e1 al reintegro de su importe conforme a la modalidad de pago realizada . Si efectuaste el pago a trav\u00e9s de tarjeta de cr\u00e9dito, se te abonar\u00e1 el importe en la misma tarjeta de cr\u00e9dito. Si no efectuaste el pago mediante tarjeta de cr\u00e9dito, te solicitaremos un n\u00famero de cuenta donde abonar el importe.<\/li>\n<\/ul>\n<em>En caso de que optes por que te sea suministrado en nuestra tienda virtual un nuevo producto, se te repercutir\u00e1n los gastos de env\u00edo.<\/em>\n\n* Si desea contratar nuestro servicio de mensajer\u00eda para la gesti\u00f3n del cambio de talla o producto deber\u00e1s realizar la compra del servicio a trav\u00e9s de la tienda on-line. El servicio a contratar es \u00abCambio de talla\u00bb. \u00c9ste incluye la recogida del material y la nueva entrega.\n\n* Para proceder al nuevo env\u00edo por cambio de talla o cambio de producto deber\u00e1s abonar los gastos de env\u00edo previamente.\n\nEn el caso de que optas por el reintegro de las cantidades entregadas, asumir\u00e1s el coste directo de devoluci\u00f3n del producto a ESTRIAL ETERNAL.\n\nTen en cuenta que\u00a0<strong>ETERNAL<\/strong>\u00a0no admite env\u00edos a puertas debidos, y que por tanto el coste del env\u00edo corre de tu cargo, a excepci\u00f3n de los casos de producto defectuoso en origen o error en el producto objeto de pedido , en los que todos los costes correr\u00e1n a cargo de ESTRAL ETERNAL.\t\t\t\t\t\t\t\t<\/div>\n\t\t\t\t<\/div>\n\t\t\t\t\t<\/div>\n\t\t<\/div>\n\t\t\t\t\t<\/div>\n\t\t<\/section>\n\t\t\t\t<\/div>\n\t\t","protected":false},"excerpt":{"rendered":"<p>Transporte del pedido. Gastos de env\u00edo El transporte de los art\u00edculos comprados en ETERNAL realizar\u00e1 a trav\u00e9s de una empresa de mensajer\u00eda y ser\u00e1 entregado en los plazos m\u00e1s adelante detallados en funci\u00f3n del destino de entrega de la mercanc\u00eda. Para evitar incidencias en la entrega (direcciones err\u00f3neas, imposibilidad de encontrar a alguien en el [&hellip;]<\/p>\n","protected":false},"author":1,"featured_media":0,"parent":0,"menu_order":0,"comment_status":"closed","ping_status":"closed","template":"","meta":{"footnotes":""},"class_list":["post-35450","page","type-page","status-publish","hentry"],"_links":{"self":[{"href":"https:\/\/eternalandorra.pro\/clubvoleiandorra\/wp-json\/wp\/v2\/pages\/35450","targetHints":{"allow":["GET"]}}],"collection":[{"href":"https:\/\/eternalandorra.pro\/clubvoleiandorra\/wp-json\/wp\/v2\/pages"}],"about":[{"href":"https:\/\/eternalandorra.pro\/clubvoleiandorra\/wp-json\/wp\/v2\/types\/page"}],"author":[{"embeddable":true,"href":"https:\/\/eternalandorra.pro\/clubvoleiandorra\/wp-json\/wp\/v2\/users\/1"}],"replies":[{"embeddable":true,"href":"https:\/\/eternalandorra.pro\/clubvoleiandorra\/wp-json\/wp\/v2\/comments?post=35450"}],"version-history":[{"count":4,"href":"https:\/\/eternalandorra.pro\/clubvoleiandorra\/wp-json\/wp\/v2\/pages\/35450\/revisions"}],"predecessor-version":[{"id":35454,"href":"https:\/\/eternalandorra.pro\/clubvoleiandorra\/wp-json\/wp\/v2\/pages\/35450\/revisions\/35454"}],"wp:attachment":[{"href":"https:\/\/eternalandorra.pro\/clubvoleiandorra\/wp-json\/wp\/v2\/media?parent=35450"}],"curies":[{"name":"wp","href":"https:\/\/api.w.org\/{rel}","templated":true}]}}