{"id":35664,"date":"2025-12-12T08:55:45","date_gmt":"2025-12-12T08:55:45","guid":{"rendered":"https:\/\/eternalandorra.pro\/clubvoleiandorra\/?post_type=product&#038;p=35664"},"modified":"2026-01-07T15:33:54","modified_gmt":"2026-01-07T15:33:54","slug":"samarreta-unisex","status":"publish","type":"product","link":"https:\/\/eternalandorra.pro\/clubvoleiandorra\/en\/tienda\/individuals\/samarreta-unisex\/","title":{"rendered":"Samarreta unisex"},"content":{"rendered":"","protected":false},"excerpt":{"rendered":"<p>Samarreta de m\u00e0niga curta, dissenyada per a la pr\u00e0ctica esportiva i bona per a entrenaments i competicions en esports com el futbol. A causa de la seva resist\u00e8ncia, lleugeresa i transpirabilitat, aquesta samarreta \u00e9s tota comoditat per a l\u2019esportista. A m\u00e9s, la seva silueta folgada permetr\u00e0 jugar gaudint de confort. Es caracteritza per tenir coll rod\u00f3 el\u00e0stic per aconseguir un ajustament m\u00e9s c\u00f2mode. A m\u00e9s, aquesta samarreta esportiva permetr\u00e0 que l\u2019esportista es pugui moure amb total llibertat.<\/p>","protected":false},"featured_media":35665,"template":"","meta":[],"product_brand":[],"product_cat":[152],"product_tag":[],"class_list":{"0":"post-35664","1":"product","2":"type-product","3":"status-publish","4":"has-post-thumbnail","6":"product_cat-individuals","9":"first","10":"instock","11":"taxable","12":"shipping-taxable","13":"purchasable","14":"product-type-simple"},"_links":{"self":[{"href":"https:\/\/eternalandorra.pro\/clubvoleiandorra\/en\/wp-json\/wp\/v2\/product\/35664","targetHints":{"allow":["GET"]}}],"collection":[{"href":"https:\/\/eternalandorra.pro\/clubvoleiandorra\/en\/wp-json\/wp\/v2\/product"}],"about":[{"href":"https:\/\/eternalandorra.pro\/clubvoleiandorra\/en\/wp-json\/wp\/v2\/types\/product"}],"wp:featuredmedia":[{"embeddable":true,"href":"https:\/\/eternalandorra.pro\/clubvoleiandorra\/en\/wp-json\/wp\/v2\/media\/35665"}],"wp:attachment":[{"href":"https:\/\/eternalandorra.pro\/clubvoleiandorra\/en\/wp-json\/wp\/v2\/media?parent=35664"}],"wp:term":[{"taxonomy":"product_brand","embeddable":true,"href":"https:\/\/eternalandorra.pro\/clubvoleiandorra\/en\/wp-json\/wp\/v2\/product_brand?post=35664"},{"taxonomy":"product_cat","embeddable":true,"href":"https:\/\/eternalandorra.pro\/clubvoleiandorra\/en\/wp-json\/wp\/v2\/product_cat?post=35664"},{"taxonomy":"product_tag","embeddable":true,"href":"https:\/\/eternalandorra.pro\/clubvoleiandorra\/en\/wp-json\/wp\/v2\/product_tag?post=35664"}],"curies":[{"name":"wp","href":"https:\/\/api.w.org\/{rel}","templated":true}]}}