{"id":35327,"date":"2024-07-14T11:41:55","date_gmt":"2024-07-14T11:41:55","guid":{"rendered":"https:\/\/eternalandorra.pro\/fcsantacoloma\/?post_type=product&#038;p=35327"},"modified":"2025-12-12T08:51:55","modified_gmt":"2025-12-12T08:51:55","slug":"motxilla-volei-andorra","status":"publish","type":"product","link":"https:\/\/eternalandorra.pro\/clubvoleiandorra\/en\/tienda\/individuals\/motxilla-volei-andorra\/","title":{"rendered":"Motxilla Volei Andorra"},"content":{"rendered":"","protected":false},"excerpt":{"rendered":"<p>Motxilla indicada per a entrenaments esportius o partits. T\u2019oferir\u00e0 prou espai per guardar i organitzar tots els teus b\u00e0sics d\u2019entrenament. Amb aquesta motxilla esportiva podr\u00e0s transportar la teva equipaci\u00f3 de casa al camp i del camp a casa de manera c\u00f2moda.<\/p>","protected":false},"featured_media":35663,"template":"","meta":[],"product_brand":[],"product_cat":[152],"product_tag":[],"class_list":{"0":"post-35327","1":"product","2":"type-product","3":"status-publish","4":"has-post-thumbnail","6":"product_cat-individuals","9":"first","10":"instock","11":"taxable","12":"shipping-taxable","13":"purchasable","14":"product-type-simple"},"_links":{"self":[{"href":"https:\/\/eternalandorra.pro\/clubvoleiandorra\/en\/wp-json\/wp\/v2\/product\/35327","targetHints":{"allow":["GET"]}}],"collection":[{"href":"https:\/\/eternalandorra.pro\/clubvoleiandorra\/en\/wp-json\/wp\/v2\/product"}],"about":[{"href":"https:\/\/eternalandorra.pro\/clubvoleiandorra\/en\/wp-json\/wp\/v2\/types\/product"}],"wp:featuredmedia":[{"embeddable":true,"href":"https:\/\/eternalandorra.pro\/clubvoleiandorra\/en\/wp-json\/wp\/v2\/media\/35663"}],"wp:attachment":[{"href":"https:\/\/eternalandorra.pro\/clubvoleiandorra\/en\/wp-json\/wp\/v2\/media?parent=35327"}],"wp:term":[{"taxonomy":"product_brand","embeddable":true,"href":"https:\/\/eternalandorra.pro\/clubvoleiandorra\/en\/wp-json\/wp\/v2\/product_brand?post=35327"},{"taxonomy":"product_cat","embeddable":true,"href":"https:\/\/eternalandorra.pro\/clubvoleiandorra\/en\/wp-json\/wp\/v2\/product_cat?post=35327"},{"taxonomy":"product_tag","embeddable":true,"href":"https:\/\/eternalandorra.pro\/clubvoleiandorra\/en\/wp-json\/wp\/v2\/product_tag?post=35327"}],"curies":[{"name":"wp","href":"https:\/\/api.w.org\/{rel}","templated":true}]}}