{"id":35322,"date":"2024-07-14T11:34:50","date_gmt":"2024-07-14T11:34:50","guid":{"rendered":"https:\/\/eternalandorra.pro\/fcsantacoloma\/?post_type=product&#038;p=35322"},"modified":"2025-12-12T08:51:18","modified_gmt":"2025-12-12T08:51:18","slug":"dessuadora-volei-andorra","status":"publish","type":"product","link":"https:\/\/eternalandorra.pro\/clubvoleiandorra\/en\/tienda\/individuals\/dessuadora-volei-andorra\/","title":{"rendered":"Dessuadora Volei Andorra"},"content":{"rendered":"","protected":false},"excerpt":{"rendered":"<p>Dessuadora dissenyada per a entrenaments esportius en dies de fred. Tamb\u00e9 \u00e9s perfecta per portar un estil casual durant el dia a dia. Tot un b\u00e0sic a l\u2019armari d\u2019hivern de qualsevol esportista.<\/p>","protected":false},"featured_media":35662,"template":"","meta":[],"product_brand":[],"product_cat":[152],"product_tag":[],"class_list":{"0":"post-35322","1":"product","2":"type-product","3":"status-publish","4":"has-post-thumbnail","6":"product_cat-individuals","9":"first","10":"instock","11":"taxable","12":"shipping-taxable","13":"purchasable","14":"product-type-simple"},"_links":{"self":[{"href":"https:\/\/eternalandorra.pro\/clubvoleiandorra\/en\/wp-json\/wp\/v2\/product\/35322","targetHints":{"allow":["GET"]}}],"collection":[{"href":"https:\/\/eternalandorra.pro\/clubvoleiandorra\/en\/wp-json\/wp\/v2\/product"}],"about":[{"href":"https:\/\/eternalandorra.pro\/clubvoleiandorra\/en\/wp-json\/wp\/v2\/types\/product"}],"wp:featuredmedia":[{"embeddable":true,"href":"https:\/\/eternalandorra.pro\/clubvoleiandorra\/en\/wp-json\/wp\/v2\/media\/35662"}],"wp:attachment":[{"href":"https:\/\/eternalandorra.pro\/clubvoleiandorra\/en\/wp-json\/wp\/v2\/media?parent=35322"}],"wp:term":[{"taxonomy":"product_brand","embeddable":true,"href":"https:\/\/eternalandorra.pro\/clubvoleiandorra\/en\/wp-json\/wp\/v2\/product_brand?post=35322"},{"taxonomy":"product_cat","embeddable":true,"href":"https:\/\/eternalandorra.pro\/clubvoleiandorra\/en\/wp-json\/wp\/v2\/product_cat?post=35322"},{"taxonomy":"product_tag","embeddable":true,"href":"https:\/\/eternalandorra.pro\/clubvoleiandorra\/en\/wp-json\/wp\/v2\/product_tag?post=35322"}],"curies":[{"name":"wp","href":"https:\/\/api.w.org\/{rel}","templated":true}]}}